{"id":2293,"date":"2025-09-07T14:25:17","date_gmt":"2025-09-07T14:25:17","guid":{"rendered":"https:\/\/eticalgarve.kobudev.com\/advantages\/support-for-the-trainee\/bolsa-de-formacao-en\/"},"modified":"2025-09-07T14:57:23","modified_gmt":"2025-09-07T14:57:23","slug":"bolsa-de-formacao-en","status":"publish","type":"page","link":"https:\/\/eticalgarve.kobudev.com\/en\/advantages\/support-for-the-trainee\/bolsa-de-formacao-en\/","title":{"rendered":"Bolsa de Forma\u00e7\u00e3o EN"},"content":{"rendered":"\n<h2 class=\"wp-block-heading has-extra-large-font-size\">Apoiamos o crescimento de cada um e de todos<\/h2>\n\n<h3 class=\"wp-block-heading has-medium-small-font-size\"><em>A ETIC_Algarve \u00e9 uma escola que se assume com um esp\u00edrito inovador, \u00fanico e diferenciado na concretiza\u00e7\u00e3o da sua Miss\u00e3o.<\/em><\/h3>\n\n<div class=\"wp-block-kobu-custom-blocks-responsive-spacer responsive-spacer size-custom\" data-small=\"10\" data-medium=\"10\" data-large=\"10\" style=\"height:10px\"><\/div><br>\n\n<p>Mais do que formar ind\u00edviduos t\u00e9cnicamente capazes, preocupamo-nos com a forma\u00e7\u00e3o de seres humanos em todo o seu espectro: na vertente t\u00e9cnica, criativa, mas tamb\u00e9m na vertente social e humana.<\/p>\n\n<p>\u00c9 com esta preocupa\u00e7\u00e3o sempre presente, que, ano ap\u00f3s ano, procuramos melhorar e ajustar o servi\u00e7o que prestamos, \u00e0 realidade da sociedade em que estamos inseridos.<\/p>\n\n<p>Assim, temos vindo a disponibilizar \u00e0 nossa comunidade diversos servi\u00e7os que contribuem para o seu crescimento pessoal e humano.<\/p>\n\n<p>Seja no apoio \u00e0 Inser\u00e7\u00e3o no Mercado de Trabalho, com os Est\u00e1gios JUMP \u2013 Apoio \u00e0 Integra\u00e7\u00e3o Profissional, seja no Apoio ao Desenvolvimento Pessoal com recurso a um especialista que pode acompanhar o formando na sua trajet\u00f3ria ascendente ou seja atrav\u00e9s dos apoios financeiros concedidos atrav\u00e9s da Bolsa Lu\u00eds Lobato ou a mais recente Bolsa Forma\u00e7\u00e3o, s\u00e3o v\u00e1rias as formas que colocamos \u00e0 disposi\u00e7\u00e3o dos formandos para facilitar e promover o seu crescimento.<\/p>\n\n<div class=\"wp-block-kobu-custom-blocks-responsive-spacer responsive-spacer size-large\"><\/div><br>\n\n<div class=\"wp-block-kobu-custom-blocks-section-wrapper alignfull kobu-section has-background has-lightcolour-2-background-color\">\n<div class=\"wp-block-kobu-custom-blocks-responsive-spacer responsive-spacer size-custom\" data-small=\"30\" data-medium=\"30\" data-large=\"30\" style=\"height:30px\"><\/div><br>\n\n\n\n<div class=\"wp-block-group alignfull grid-with-border apoio-ao-formando is-layout-grid wp-container-core-group-is-layout-baef362d wp-block-group-is-layout-grid\">\n<div class=\"wp-block-kobu-custom-blocks-inner-content-img media-content-group child-item align-right valign-start img-last\"><div class=\"content-col\"><div class=\"content-col-wrapper\">\n<div class=\"wp-block-group is-layout-constrained wp-block-group-is-layout-constrained\">\n<h2 class=\"wp-block-heading has-medium-plus-font-size\">Bolsa Forma\u00e7\u00e3o<\/h2>\n\n\n\n<div class=\"wp-block-buttons is-layout-flex wp-block-buttons-is-layout-flex\">\n<div class=\"wp-block-button simple-button\"><a class=\"wp-block-button__link wp-element-button\" href=\"https:\/\/eticalgarve.kobudev.com\/en\/advantages\/support-for-the-trainee\/bolsa-de-formacao-en\/\">learn more \u2192<\/a><\/div>\n<\/div>\n<\/div>\n<\/div><\/div><div class=\"media-col\"><figure><img loading=\"lazy\" decoding=\"async\" width=\"670\" height=\"460\" class=\"wp-image-1237\" src=\"https:\/\/eticalgarve.kobudev.com\/files\/uploads\/2025\/08\/apoio-ao-formando-1.webp\" alt=\"\" title=\"apoio-ao-formando-1\" sizes=\"auto, (min-width: 1201px) 35vw, (min-width: 601px) 50vw, 100vw\" srcset=\"https:\/\/eticalgarve.kobudev.com\/files\/uploads\/2025\/08\/apoio-ao-formando-1.webp 670w, https:\/\/eticalgarve.kobudev.com\/files\/uploads\/2025\/08\/apoio-ao-formando-1-300x206.webp 300w\" \/><\/figure><\/div><\/div>\n\n\n\n<div class=\"wp-block-kobu-custom-blocks-inner-content-img media-content-group child-item align-right valign-start img-last\"><div class=\"content-col\"><div class=\"content-col-wrapper\">\n<div class=\"wp-block-group is-layout-constrained wp-block-group-is-layout-constrained\">\n<h2 class=\"wp-block-heading has-medium-plus-font-size\">Bolsa Lu\u00eds Lobato<\/h2>\n\n\n\n<div class=\"wp-block-buttons is-layout-flex wp-block-buttons-is-layout-flex\">\n<div class=\"wp-block-button simple-button\"><a class=\"wp-block-button__link wp-element-button\" href=\"https:\/\/eticalgarve.kobudev.com\/en\/advantages\/support-for-the-trainee\/bolsa-luis-lobato-en\/\">learn more \u2192<\/a><\/div>\n<\/div>\n<\/div>\n<\/div><\/div><div class=\"media-col\"><figure><img loading=\"lazy\" decoding=\"async\" width=\"670\" height=\"461\" class=\"wp-image-1240\" src=\"https:\/\/eticalgarve.kobudev.com\/files\/uploads\/2025\/08\/apoio-ao-formando-2.webp\" alt=\"\" title=\"apoio-ao-formando-2\" sizes=\"auto, (min-width: 1201px) 35vw, (min-width: 601px) 50vw, 100vw\" srcset=\"https:\/\/eticalgarve.kobudev.com\/files\/uploads\/2025\/08\/apoio-ao-formando-2.webp 670w, https:\/\/eticalgarve.kobudev.com\/files\/uploads\/2025\/08\/apoio-ao-formando-2-300x206.webp 300w\" \/><\/figure><\/div><\/div>\n\n\n\n<div class=\"wp-block-kobu-custom-blocks-inner-content-img media-content-group child-item align-right valign-start img-last\"><div class=\"content-col\"><div class=\"content-col-wrapper\">\n<div class=\"wp-block-group is-layout-constrained wp-block-group-is-layout-constrained\">\n<h2 class=\"wp-block-heading has-medium-plus-font-size\">Desenvolvimento pessoal<\/h2>\n\n\n\n<div class=\"wp-block-buttons is-layout-flex wp-block-buttons-is-layout-flex\">\n<div class=\"wp-block-button simple-button\"><a class=\"wp-block-button__link wp-element-button\" href=\"https:\/\/eticalgarve.kobudev.com\/en\/advantages\/support-for-the-trainee\/desenvolvimento-pessoal-en\/\">learn more \u2192<\/a><\/div>\n<\/div>\n<\/div>\n<\/div><\/div><div class=\"media-col\"><figure><img loading=\"lazy\" decoding=\"async\" width=\"670\" height=\"461\" class=\"wp-image-1242\" src=\"https:\/\/eticalgarve.kobudev.com\/files\/uploads\/2025\/08\/apoio-ao-formando-3.webp\" alt=\"\" title=\"apoio-ao-formando-3\" sizes=\"auto, (min-width: 1201px) 35vw, (min-width: 601px) 50vw, 100vw\" srcset=\"https:\/\/eticalgarve.kobudev.com\/files\/uploads\/2025\/08\/apoio-ao-formando-3.webp 670w, https:\/\/eticalgarve.kobudev.com\/files\/uploads\/2025\/08\/apoio-ao-formando-3-300x206.webp 300w\" \/><\/figure><\/div><\/div>\n\n\n\n<div class=\"wp-block-kobu-custom-blocks-inner-content-img media-content-group child-item align-right valign-start img-last\"><div class=\"content-col\"><div class=\"content-col-wrapper\">\n<div class=\"wp-block-group is-layout-constrained wp-block-group-is-layout-constrained\">\n<h2 class=\"wp-block-heading has-medium-plus-font-size\">Est\u00e1gios JUMP<\/h2>\n\n\n\n<div class=\"wp-block-buttons is-layout-flex wp-block-buttons-is-layout-flex\">\n<div class=\"wp-block-button simple-button\"><a class=\"wp-block-button__link wp-element-button\" href=\"https:\/\/eticalgarve.kobudev.com\/en\/advantages\/support-for-the-trainee\/estagios-jump-en\/\">learn more \u2192<\/a><\/div>\n<\/div>\n<\/div>\n<\/div><\/div><div class=\"media-col\"><figure><img loading=\"lazy\" decoding=\"async\" width=\"670\" height=\"461\" class=\"wp-image-1244\" src=\"https:\/\/eticalgarve.kobudev.com\/files\/uploads\/2025\/08\/apoio-ao-formando-4.webp\" alt=\"\" title=\"apoio-ao-formando-4\" sizes=\"auto, (min-width: 1201px) 35vw, (min-width: 601px) 50vw, 100vw\" srcset=\"https:\/\/eticalgarve.kobudev.com\/files\/uploads\/2025\/08\/apoio-ao-formando-4.webp 670w, https:\/\/eticalgarve.kobudev.com\/files\/uploads\/2025\/08\/apoio-ao-formando-4-300x206.webp 300w\" \/><\/figure><\/div><\/div>\n<\/div>\n\n\n\n<div class=\"wp-block-kobu-custom-blocks-responsive-spacer responsive-spacer size-custom\" data-small=\"30\" data-medium=\"30\" data-large=\"30\" style=\"height:30px\"><\/div><br>\n<\/div>\n","protected":false},"excerpt":{"rendered":"<p>Apoiamos o crescimento de cada um e de todos A ETIC_Algarve \u00e9 uma escola que se assume com um esp\u00edrito inovador, \u00fanico e diferenciado na [&hellip;]<\/p>\n","protected":false},"author":2,"featured_media":6369,"parent":1963,"menu_order":0,"comment_status":"closed","ping_status":"closed","template":"","meta":{"_acf_changed":false,"inline_featured_image":false,"footnotes":""},"class_list":["post-2293","page","type-page","status-publish","has-post-thumbnail","hentry"],"acf":[],"_links":{"self":[{"href":"https:\/\/eticalgarve.kobudev.com\/en\/wp-json\/wp\/v2\/pages\/2293","targetHints":{"allow":["GET"]}}],"collection":[{"href":"https:\/\/eticalgarve.kobudev.com\/en\/wp-json\/wp\/v2\/pages"}],"about":[{"href":"https:\/\/eticalgarve.kobudev.com\/en\/wp-json\/wp\/v2\/types\/page"}],"author":[{"embeddable":true,"href":"https:\/\/eticalgarve.kobudev.com\/en\/wp-json\/wp\/v2\/users\/2"}],"replies":[{"embeddable":true,"href":"https:\/\/eticalgarve.kobudev.com\/en\/wp-json\/wp\/v2\/comments?post=2293"}],"version-history":[{"count":0,"href":"https:\/\/eticalgarve.kobudev.com\/en\/wp-json\/wp\/v2\/pages\/2293\/revisions"}],"up":[{"embeddable":true,"href":"https:\/\/eticalgarve.kobudev.com\/en\/wp-json\/wp\/v2\/pages\/1963"}],"wp:featuredmedia":[{"embeddable":true,"href":"https:\/\/eticalgarve.kobudev.com\/en\/wp-json\/wp\/v2\/media\/6369"}],"wp:attachment":[{"href":"https:\/\/eticalgarve.kobudev.com\/en\/wp-json\/wp\/v2\/media?parent=2293"}],"curies":[{"name":"wp","href":"https:\/\/api.w.org\/{rel}","templated":true}]}}