{"id":1975,"date":"2025-07-17T14:46:05","date_gmt":"2025-07-17T14:46:05","guid":{"rendered":"https:\/\/eticalgarve.kobudev.com\/etic_algarve\/spaces\/"},"modified":"2025-09-03T00:20:43","modified_gmt":"2025-09-03T00:20:43","slug":"spaces","status":"publish","type":"page","link":"https:\/\/eticalgarve.kobudev.com\/en\/etic_algarve\/spaces\/","title":{"rendered":"Spaces"},"content":{"rendered":"\n<div class=\"wp-block-kobu-custom-blocks-section-wrapper alignfull kobu-section has-text-color has-darkcolour-color has-background has-lightcolour-1-background-color has-link-color wp-elements-28c0cf6246f2cecafbd3fdc2b3f80a6b\">\n<div class=\"wp-block-kobu-custom-blocks-slider-gallery alignfull\">\r\n<div class=\"slider-gallery gallery-container hidden with-pagination multiple\">\r\n<div class=\"gallery \" role=\"list\">\r\n<div class=\"slide\" role=\"listitem\">\r\n<div class=\"figure-wrapper\">\r\n<figure><img loading=\"lazy\" decoding=\"async\" width=\"1722\" height=\"1066\" class=\"wp-image-1062\" src=\"https:\/\/eticalgarve.kobudev.com\/files\/uploads\/2025\/08\/espacos-1.webp\" sizes=\"auto, 100vw\" alt=\"\" srcset=\"https:\/\/eticalgarve.kobudev.com\/files\/uploads\/2025\/08\/espacos-1.webp 1722w, https:\/\/eticalgarve.kobudev.com\/files\/uploads\/2025\/08\/espacos-1-300x186.webp 300w, https:\/\/eticalgarve.kobudev.com\/files\/uploads\/2025\/08\/espacos-1-1024x634.webp 1024w, https:\/\/eticalgarve.kobudev.com\/files\/uploads\/2025\/08\/espacos-1-768x475.webp 768w, https:\/\/eticalgarve.kobudev.com\/files\/uploads\/2025\/08\/espacos-1-1536x951.webp 1536w\" \/><\/figure>\r\n<\/div><br><\/div><br><div class=\"slide\" role=\"listitem\">\r\n<div class=\"figure-wrapper\">\r\n<figure><img decoding=\"async\" class=\"wp-image-1050\" src=\"https:\/\/eticalgarve.kobudev.com\/files\/uploads\/2025\/08\/espacos-2.webp\" sizes=\"100vw\" alt=\"\" \/><\/figure>\r\n<\/div><br><\/div><br><div class=\"slide\" role=\"listitem\">\r\n<div class=\"figure-wrapper\">\r\n<figure><img decoding=\"async\" class=\"wp-image-1052\" src=\"https:\/\/eticalgarve.kobudev.com\/files\/uploads\/2025\/08\/espacos-3.webp\" sizes=\"100vw\" alt=\"\" \/><\/figure>\r\n<\/div><br><\/div><br><\/div><br><\/div><br><\/div>\n\n\n\n<div class=\"wp-block-kobu-custom-blocks-responsive-spacer responsive-spacer size-small\"><\/div>\n\n\n\n<div class=\"wp-block-columns alignfull is-layout-flex wp-container-core-columns-is-layout-9d6595d7 wp-block-columns-is-layout-flex\">\n<div class=\"wp-block-column is-layout-flow wp-block-column-is-layout-flow\">\n<h2 class=\"wp-block-heading\">Do mercado municipal para o mercado de trabalho<\/h2>\n<\/div>\n\n\n\n<div class=\"wp-block-column is-layout-flow wp-block-column-is-layout-flow\">\n<p class=\"has-small-font-size\">Estamos no cora\u00e7\u00e3o da cidade, no Mercado Municipal de Faro, num espa\u00e7o onde se respira criatividade, rigor e capacidade de trabalho.<\/p>\n\n\n\n<p class=\"has-small-font-size\">S\u00e3o 600m2 em constante evolu\u00e7\u00e3o, onde o que \u00e9 hoje pode j\u00e1 n\u00e3o ser amanh\u00e3. O nosso espa\u00e7o \u00e9 polivalente, multifacetado e inspirador para encorajar a liberdade de criar.<\/p>\n<\/div>\n<\/div>\n\n\n\n<div class=\"wp-block-kobu-custom-blocks-responsive-spacer responsive-spacer size-large\"><\/div>\n<\/div>\n\n<div class=\"wp-block-kobu-custom-blocks-responsive-spacer responsive-spacer size-large\"><\/div>\n\n<h2 class=\"wp-block-heading alignwide has-extra-large-font-size\">As salas de aula<\/h2>\n\n<div class=\"wp-block-kobu-custom-blocks-inner-content-img alignfull media-content-group child-item align-right valign-start img-last\"><div class=\"content-col\"><div class=\"content-col-wrapper\">\n<p class=\"has-small-font-size\">\u00c9 onde a imagina\u00e7\u00e3o se transforma em realidade. As nossas 6 modernas salas de aula est\u00e3o equipadas com material de topo e s\u00e3o adequadas \u00e0 realidade laboral das ind\u00fastrias criativas.<\/p>\n\n\n\n<p class=\"has-small-font-size\">Com computadores iMac, mesas digitalizadoras e diversificados equipamentos de Som \u00e0 disposi\u00e7\u00e3o, n\u00e3o h\u00e1 limites t\u00e9cnicos. H\u00e1 sim, em cada uma das nossas salas, um convite para os nossos alunos darem o melhor de si.<\/p>\n\n\n<noscript class=\"loading-lazy\">\n<figure class=\"wp-block-image size-large\"><img loading=\"lazy\" decoding=\"async\" width=\"1024\" height=\"769\" src=\"https:\/\/eticalgarve.kobudev.com\/files\/uploads\/2025\/08\/espacos-5-1024x769.webp\" alt=\"\" class=\"wp-image-1048\" srcset=\"https:\/\/eticalgarve.kobudev.com\/files\/uploads\/2025\/08\/espacos-5-1024x769.webp 1024w, https:\/\/eticalgarve.kobudev.com\/files\/uploads\/2025\/08\/espacos-5-300x225.webp 300w, https:\/\/eticalgarve.kobudev.com\/files\/uploads\/2025\/08\/espacos-5-768x577.webp 768w, https:\/\/eticalgarve.kobudev.com\/files\/uploads\/2025\/08\/espacos-5.webp 1052w\" sizes=\"auto, (max-width: 1024px) 100vw, 1024px\" \/><\/figure><\/noscript><\/div><\/div><div class=\"media-col\"><figure><img loading=\"lazy\" decoding=\"async\" width=\"1496\" height=\"998\" class=\"wp-image-1054\" src=\"https:\/\/eticalgarve.kobudev.com\/files\/uploads\/2025\/08\/espacos-4.webp\" alt=\"\" title=\"espacos-4\" sizes=\"auto, (min-width: 601px) 50vw, 100vw\" srcset=\"https:\/\/eticalgarve.kobudev.com\/files\/uploads\/2025\/08\/espacos-4.webp 1496w, https:\/\/eticalgarve.kobudev.com\/files\/uploads\/2025\/08\/espacos-4-300x200.webp 300w, https:\/\/eticalgarve.kobudev.com\/files\/uploads\/2025\/08\/espacos-4-1024x683.webp 1024w, https:\/\/eticalgarve.kobudev.com\/files\/uploads\/2025\/08\/espacos-4-768x512.webp 768w\" \/><\/figure><\/div><\/div>\n\n<div class=\"wp-block-kobu-custom-blocks-responsive-spacer responsive-spacer size-large\"><\/div>\n\n<h2 class=\"wp-block-heading has-extra-large-font-size\">O Est\u00fadio<\/h2>\n\n<div class=\"wp-block-columns is-layout-flex wp-container-core-columns-is-layout-9d6595d7 wp-block-columns-is-layout-flex\">\n<div class=\"wp-block-column is-layout-flow wp-block-column-is-layout-flow\">\n<h3 class=\"wp-block-heading has-medium-small-font-size\"><em>\u00c9 um espa\u00e7o polivalente onde tudo pode acontecer. Nos 110m2 do Est\u00fadio consegue mesmo sentir-se no ar o frenesim da aprendizagem a ser posta em pr\u00e1tica.<\/em><\/h3>\n<\/div>\n\n\n\n<div class=\"wp-block-column is-layout-flow wp-block-column-is-layout-flow\">\n<p class=\"has-small-font-size\">Para al\u00e9m das aulas dos cursos de Fotografia e V\u00eddeo, o Est\u00fadio est\u00e1 preparado para acolher todo o tipo de sess\u00f5es de Fotografia (Moda, Publicidade, Nu, etc.) e de grava\u00e7\u00f5es V\u00eddeo (talk-shows, videoclipes, concertos, etc.). Uma grande diversidade de equipamentos de Fotografia, V\u00eddeo, Som e Proje\u00e7\u00e3o faz com que as possibilidades de utiliza\u00e7\u00e3o sejam infinitas.<\/p>\n\n\n\n<p class=\"has-small-font-size\">A \u00e1rea ampla do Est\u00fadio permite ainda utiliz\u00e1-lo como Audit\u00f3rio para apresenta\u00e7\u00f5es, confer\u00eancias, workshops e tamb\u00e9m Demonstra\u00e7\u00f5es de Produtos e Equipamentos, promovidas pela ETIC_Algarve e entidades externas.<\/p>\n<\/div>\n<\/div>\n\n<div class=\"wp-block-kobu-custom-blocks-responsive-spacer responsive-spacer size-small\"><\/div>\n\n<div class=\"wp-block-kobu-custom-blocks-slider-gallery alignfull\">\r\n<div class=\"slider-gallery gallery-container hidden with-pagination multiple\">\r\n<div class=\"gallery \" role=\"list\">\r\n<div class=\"slide\" role=\"listitem\">\r\n<div class=\"figure-wrapper\">\r\n<figure><img loading=\"lazy\" decoding=\"async\" width=\"1276\" height=\"958\" class=\"wp-image-1056\" src=\"https:\/\/eticalgarve.kobudev.com\/files\/uploads\/2025\/08\/espacos-6.webp\" sizes=\"auto, 100vw\" alt=\"\" srcset=\"https:\/\/eticalgarve.kobudev.com\/files\/uploads\/2025\/08\/espacos-6.webp 1276w, https:\/\/eticalgarve.kobudev.com\/files\/uploads\/2025\/08\/espacos-6-300x225.webp 300w, https:\/\/eticalgarve.kobudev.com\/files\/uploads\/2025\/08\/espacos-6-1024x769.webp 1024w, https:\/\/eticalgarve.kobudev.com\/files\/uploads\/2025\/08\/espacos-6-768x577.webp 768w\" \/><\/figure>\r\n<\/div><br><\/div><br><div class=\"slide\" role=\"listitem\">\r\n<div class=\"figure-wrapper\">\r\n<figure><img loading=\"lazy\" decoding=\"async\" width=\"1276\" height=\"958\" class=\"wp-image-1064\" src=\"https:\/\/eticalgarve.kobudev.com\/files\/uploads\/2025\/08\/espacos-7.webp\" sizes=\"auto, 100vw\" alt=\"\" srcset=\"https:\/\/eticalgarve.kobudev.com\/files\/uploads\/2025\/08\/espacos-7.webp 1276w, https:\/\/eticalgarve.kobudev.com\/files\/uploads\/2025\/08\/espacos-7-300x225.webp 300w, https:\/\/eticalgarve.kobudev.com\/files\/uploads\/2025\/08\/espacos-7-1024x769.webp 1024w, https:\/\/eticalgarve.kobudev.com\/files\/uploads\/2025\/08\/espacos-7-768x577.webp 768w\" \/><\/figure>\r\n<\/div><br><\/div><br><div class=\"slide\" role=\"listitem\">\r\n<div class=\"figure-wrapper\">\r\n<figure><img loading=\"lazy\" decoding=\"async\" width=\"1276\" height=\"958\" class=\"wp-image-1058\" src=\"https:\/\/eticalgarve.kobudev.com\/files\/uploads\/2025\/08\/espacos-8.webp\" sizes=\"auto, 100vw\" alt=\"\" srcset=\"https:\/\/eticalgarve.kobudev.com\/files\/uploads\/2025\/08\/espacos-8.webp 1276w, https:\/\/eticalgarve.kobudev.com\/files\/uploads\/2025\/08\/espacos-8-300x225.webp 300w, https:\/\/eticalgarve.kobudev.com\/files\/uploads\/2025\/08\/espacos-8-1024x769.webp 1024w, https:\/\/eticalgarve.kobudev.com\/files\/uploads\/2025\/08\/espacos-8-768x577.webp 768w\" \/><\/figure>\r\n<\/div><br><\/div><br><\/div><br><\/div><br><\/div>\n\n<div class=\"wp-block-kobu-custom-blocks-responsive-spacer responsive-spacer size-large\"><\/div>\n\n<div class=\"wp-block-kobu-custom-blocks-section-wrapper alignfull kobu-section has-background has-foreground-background-color cta-section\">\n<div class=\"wp-block-kobu-custom-blocks-inner-content-img alignfull media-content-group child-item align-right valign-start img-last\"><div class=\"content-col\"><div class=\"content-col-wrapper\">\n<h2 class=\"wp-block-heading has-background-color has-text-color has-link-color wp-elements-df637c0ca547d883a05e8119fed6803a\">CTA Interesse em alugar salas<\/h2>\n\n\n\n<p class=\"has-background-color has-text-color has-link-color has-small-font-size wp-elements-e14d66dc0a1ca9699fdcf8fafe3e17b8\">Lorem ipsum dolor sit amet, consectetur adipiscing elit. Sed malesuada diam mollis risus ornare, id mollis purus venenatis.<\/p>\n\n\n\n<div class=\"wp-block-buttons is-layout-flex wp-block-buttons-is-layout-flex\">\n<div class=\"wp-block-button\"><a class=\"wp-block-button__link has-foreground-color has-background-background-color has-text-color has-background has-link-color wp-element-button\">call to action<\/a><\/div>\n<\/div>\n<\/div><\/div><div class=\"media-col\"><figure><img loading=\"lazy\" decoding=\"async\" width=\"1276\" height=\"899\" class=\"wp-image-1060\" src=\"https:\/\/eticalgarve.kobudev.com\/files\/uploads\/2025\/08\/espacos-9.webp\" alt=\"\" title=\"espacos-9\" sizes=\"auto, (min-width: 601px) 50vw, 100vw\" srcset=\"https:\/\/eticalgarve.kobudev.com\/files\/uploads\/2025\/08\/espacos-9.webp 1276w, https:\/\/eticalgarve.kobudev.com\/files\/uploads\/2025\/08\/espacos-9-300x211.webp 300w, https:\/\/eticalgarve.kobudev.com\/files\/uploads\/2025\/08\/espacos-9-1024x721.webp 1024w, https:\/\/eticalgarve.kobudev.com\/files\/uploads\/2025\/08\/espacos-9-768x541.webp 768w\" \/><\/figure><\/div><\/div>\n<\/div>\n","protected":false},"excerpt":{"rendered":"<p>As salas de aula O Est\u00fadio \u00c9 um espa\u00e7o polivalente onde tudo pode acontecer. Nos 110m2 do Est\u00fadio consegue mesmo sentir-se no ar o frenesim [&hellip;]<\/p>\n","protected":false},"author":2,"featured_media":0,"parent":1400,"menu_order":202,"comment_status":"closed","ping_status":"closed","template":"","meta":{"_acf_changed":false,"inline_featured_image":false,"footnotes":""},"class_list":["post-1975","page","type-page","status-publish","hentry"],"acf":[],"_links":{"self":[{"href":"https:\/\/eticalgarve.kobudev.com\/en\/wp-json\/wp\/v2\/pages\/1975","targetHints":{"allow":["GET"]}}],"collection":[{"href":"https:\/\/eticalgarve.kobudev.com\/en\/wp-json\/wp\/v2\/pages"}],"about":[{"href":"https:\/\/eticalgarve.kobudev.com\/en\/wp-json\/wp\/v2\/types\/page"}],"author":[{"embeddable":true,"href":"https:\/\/eticalgarve.kobudev.com\/en\/wp-json\/wp\/v2\/users\/2"}],"replies":[{"embeddable":true,"href":"https:\/\/eticalgarve.kobudev.com\/en\/wp-json\/wp\/v2\/comments?post=1975"}],"version-history":[{"count":0,"href":"https:\/\/eticalgarve.kobudev.com\/en\/wp-json\/wp\/v2\/pages\/1975\/revisions"}],"up":[{"embeddable":true,"href":"https:\/\/eticalgarve.kobudev.com\/en\/wp-json\/wp\/v2\/pages\/1400"}],"wp:attachment":[{"href":"https:\/\/eticalgarve.kobudev.com\/en\/wp-json\/wp\/v2\/media?parent=1975"}],"curies":[{"name":"wp","href":"https:\/\/api.w.org\/{rel}","templated":true}]}}