{"id":1973,"date":"2025-07-17T14:46:42","date_gmt":"2025-07-17T14:46:42","guid":{"rendered":"https:\/\/eticalgarve.kobudev.com\/etic_algarve\/study-and-live-in-faro\/"},"modified":"2025-09-03T00:20:06","modified_gmt":"2025-09-03T00:20:06","slug":"study-and-live-in-faro","status":"publish","type":"page","link":"https:\/\/eticalgarve.kobudev.com\/en\/etic_algarve\/study-and-live-in-faro\/","title":{"rendered":"Study and Live in Faro"},"content":{"rendered":"\n<h2 class=\"wp-block-heading alignwide has-extra-large-font-size\">Patrim\u00f3nio local<\/h2>\n\n<div class=\"wp-block-kobu-custom-blocks-inner-content-img alignfull media-content-group child-item align-right valign-start img-last\"><div class=\"content-col\"><div class=\"content-col-wrapper\">\n<h3 class=\"wp-block-heading has-medium-small-font-size\" id=\"lorem-ipsum-dolor-sit-amet-consectetur-adipiscing-elit-2\">Lorem ipsum dolor sit amet, consectetur adipiscing elit.<\/h3>\n\n\n\n<div class=\"wp-block-kobu-custom-blocks-responsive-spacer responsive-spacer size-custom\" style=\"height: 10px;\" data-small=\"10\" data-medium=\"10\" data-large=\"10\"><\/div>\n\n\n\n<p class=\"has-small-font-size\">Aenean posuere dui sit amet mi eleifend, vel ullamcorper diam rhoncus. In hac habitasse platea dictumst. Pellentesque at urna et augue molestie porttitor. Vestibulum euismod leo turpis, vitae suscipit erat dictum id.<\/p>\n\n\n\n<p class=\"has-small-font-size\">Nunc et massa vel dolor laoreet bibendum nec et metus. Etiam id dignissim ligula. Phasellus eu nunc tellus. Fusce sit amet ex nec lectus auctor viverra sit amet tempor justo.<\/p>\n\n\n\n<div class=\"wp-block-kobu-custom-blocks-responsive-spacer responsive-spacer size-small\"><\/div>\n\n\n<noscript class=\"loading-lazy\">\n<figure class=\"wp-block-image size-large\"><img loading=\"lazy\" decoding=\"async\" width=\"1024\" height=\"769\" src=\"https:\/\/eticalgarve.kobudev.com\/files\/uploads\/2025\/08\/faro-2-1024x769.webp\" alt=\"\" class=\"wp-image-1177\" srcset=\"https:\/\/eticalgarve.kobudev.com\/files\/uploads\/2025\/08\/faro-2-1024x769.webp 1024w, https:\/\/eticalgarve.kobudev.com\/files\/uploads\/2025\/08\/faro-2-300x225.webp 300w, https:\/\/eticalgarve.kobudev.com\/files\/uploads\/2025\/08\/faro-2-768x577.webp 768w, https:\/\/eticalgarve.kobudev.com\/files\/uploads\/2025\/08\/faro-2.webp 1052w\" sizes=\"auto, (max-width: 1024px) 100vw, 1024px\" \/><figcaption class=\"wp-element-caption\">Lorem ipsum dolor sit amet, consectetur adipiscing elit.<\/figcaption><\/figure><\/noscript><\/div><\/div><div class=\"media-col\"><figure><img loading=\"lazy\" decoding=\"async\" width=\"1498\" height=\"998\" class=\"wp-image-1175\" src=\"https:\/\/eticalgarve.kobudev.com\/files\/uploads\/2025\/08\/faro-1.webp\" alt=\"\" title=\"faro-1\" sizes=\"auto, (min-width: 601px) 50vw, 100vw\" srcset=\"https:\/\/eticalgarve.kobudev.com\/files\/uploads\/2025\/08\/faro-1.webp 1498w, https:\/\/eticalgarve.kobudev.com\/files\/uploads\/2025\/08\/faro-1-300x200.webp 300w, https:\/\/eticalgarve.kobudev.com\/files\/uploads\/2025\/08\/faro-1-1024x682.webp 1024w, https:\/\/eticalgarve.kobudev.com\/files\/uploads\/2025\/08\/faro-1-768x512.webp 768w\" \/><figcaption>Lorem ipsum dolor sit amet, consectetur adipiscing elit.<\/figcaption><\/figure><\/div><\/div>\n\n<div class=\"wp-block-kobu-custom-blocks-responsive-spacer responsive-spacer size-large\"><\/div>\n\n<h2 class=\"wp-block-heading alignwide has-extra-large-font-size\">Vantagens geogr\u00e1ficas<\/h2>\n\n<div class=\"wp-block-group alignwide is-layout-grid wp-container-core-group-is-layout-6be84c55 wp-block-group-is-layout-grid\">\n<h3 class=\"wp-block-heading has-medium-small-font-size\">Lorem ipsum dolor sit amet, consectetur adipiscing elit.<\/h3>\n\n\n\n<div class=\"wp-block-group is-layout-constrained wp-block-group-is-layout-constrained\">\n<p class=\"has-small-font-size\">Lorem ipsum dolor sit amet, consectetur adipiscing elit. Morbi id aliquam ante. Aenean posuere dui sit amet mi eleifend, vel ullamcorper diam rhoncus. In hac habitasse platea dictumst.<\/p>\n\n\n\n<p class=\"has-small-font-size\">Pellentesque at urna et augue molestie porttitor. Vestibulum euismod leo turpis, vitae suscipit erat dictum id. Nunc et massa vel dolor laoreet bibendum nec et metus. Etiam id dignissim ligula. Phasellus eu nunc tellus. Fusce sit amet ex nec lectus auctor viverra sit amet tempor justo. Nam vitae magna vitae nulla placerat iaculis.<\/p>\n<\/div>\n<\/div>\n\n<div class=\"wp-block-kobu-custom-blocks-responsive-spacer responsive-spacer size-small\"><\/div>\n\n<div class=\"wp-block-kobu-custom-blocks-slider-gallery alignfull\">\r\n<div class=\"slider-gallery gallery-container hidden with-pagination multiple\">\r\n<div class=\"gallery \" role=\"list\">\r\n<div class=\"slide\" role=\"listitem\">\r\n<div class=\"figure-wrapper\">\r\n<figure><img loading=\"lazy\" decoding=\"async\" width=\"1276\" height=\"958\" class=\"wp-image-1179\" src=\"https:\/\/eticalgarve.kobudev.com\/files\/uploads\/2025\/08\/faro-3.webp\" sizes=\"auto, 100vw\" alt=\"\" srcset=\"https:\/\/eticalgarve.kobudev.com\/files\/uploads\/2025\/08\/faro-3.webp 1276w, https:\/\/eticalgarve.kobudev.com\/files\/uploads\/2025\/08\/faro-3-300x225.webp 300w, https:\/\/eticalgarve.kobudev.com\/files\/uploads\/2025\/08\/faro-3-1024x769.webp 1024w, https:\/\/eticalgarve.kobudev.com\/files\/uploads\/2025\/08\/faro-3-768x577.webp 768w\" \/><figcaption>Lorem ipsum dolor sit amet, consectetur adipiscing elit.<\/figcaption><\/figure>\r\n<\/div><br><\/div><br><div class=\"slide\" role=\"listitem\">\r\n<div class=\"figure-wrapper\">\r\n<figure><img loading=\"lazy\" decoding=\"async\" width=\"1276\" height=\"958\" class=\"wp-image-1181\" src=\"https:\/\/eticalgarve.kobudev.com\/files\/uploads\/2025\/08\/faro-4.webp\" sizes=\"auto, 100vw\" alt=\"\" srcset=\"https:\/\/eticalgarve.kobudev.com\/files\/uploads\/2025\/08\/faro-4.webp 1276w, https:\/\/eticalgarve.kobudev.com\/files\/uploads\/2025\/08\/faro-4-300x225.webp 300w, https:\/\/eticalgarve.kobudev.com\/files\/uploads\/2025\/08\/faro-4-1024x769.webp 1024w, https:\/\/eticalgarve.kobudev.com\/files\/uploads\/2025\/08\/faro-4-768x577.webp 768w\" \/><figcaption>Lorem ipsum dolor sit amet, consectetur adipiscing elit.<\/figcaption><\/figure>\r\n<\/div><br><\/div><br><div class=\"slide\" role=\"listitem\">\r\n<div class=\"figure-wrapper\">\r\n<figure><img loading=\"lazy\" decoding=\"async\" width=\"1276\" height=\"958\" class=\"wp-image-1183\" src=\"https:\/\/eticalgarve.kobudev.com\/files\/uploads\/2025\/08\/faro-5.webp\" sizes=\"auto, 100vw\" alt=\"\" srcset=\"https:\/\/eticalgarve.kobudev.com\/files\/uploads\/2025\/08\/faro-5.webp 1276w, https:\/\/eticalgarve.kobudev.com\/files\/uploads\/2025\/08\/faro-5-300x225.webp 300w, https:\/\/eticalgarve.kobudev.com\/files\/uploads\/2025\/08\/faro-5-1024x769.webp 1024w, https:\/\/eticalgarve.kobudev.com\/files\/uploads\/2025\/08\/faro-5-768x577.webp 768w\" \/><figcaption>Lorem ipsum dolor sit amet, consectetur adipiscing elit.<\/figcaption><\/figure>\r\n<\/div><br><\/div><br><\/div><br><\/div><br><\/div>\n\n<div class=\"wp-block-kobu-custom-blocks-responsive-spacer responsive-spacer size-large\"><\/div>\n\n<h2 class=\"wp-block-heading alignwide has-extra-large-font-size\">Lifestyle<\/h2>\n\n<div class=\"wp-block-group alignwide is-layout-grid wp-container-core-group-is-layout-6be84c55 wp-block-group-is-layout-grid\">\n<h3 class=\"wp-block-heading has-medium-small-font-size\">Lorem ipsum dolor sit amet, consectetur adipiscing elit.<\/h3>\n\n\n\n<div class=\"wp-block-group is-layout-constrained wp-block-group-is-layout-constrained\">\n<p class=\"has-small-font-size\">Aenean posuere dui sit amet mi eleifend, vel ullamcorper diam rhoncus. In hac habitasse platea dictumst. Pellentesque at urna et augue molestie porttitor. Vestibulum euismod leo turpis, vitae suscipit erat dictum id.<\/p>\n\n\n\n<p class=\"has-small-font-size\">Nunc et massa vel dolor laoreet bibendum nec et metus. Etiam id dignissim ligula. Phasellus eu nunc tellus. Fusce sit amet ex nec lectus auctor viverra sit amet tempor justo.<\/p>\n<\/div>\n<\/div>\n\n<div class=\"wp-block-kobu-custom-blocks-responsive-spacer responsive-spacer size-small\"><\/div>\n<noscript class=\"loading-lazy\">\n<figure class=\"wp-block-image alignfull size-large\"><img loading=\"lazy\" decoding=\"async\" width=\"1024\" height=\"496\" src=\"https:\/\/eticalgarve.kobudev.com\/files\/uploads\/2025\/08\/faro-6-1024x496.webp\" alt=\"\" class=\"wp-image-1198\" srcset=\"https:\/\/eticalgarve.kobudev.com\/files\/uploads\/2025\/08\/faro-6-1024x496.webp 1024w, https:\/\/eticalgarve.kobudev.com\/files\/uploads\/2025\/08\/faro-6-300x145.webp 300w, https:\/\/eticalgarve.kobudev.com\/files\/uploads\/2025\/08\/faro-6-768x372.webp 768w, https:\/\/eticalgarve.kobudev.com\/files\/uploads\/2025\/08\/faro-6-1536x743.webp 1536w, https:\/\/eticalgarve.kobudev.com\/files\/uploads\/2025\/08\/faro-6-2048x991.webp 2048w\" sizes=\"auto, (max-width: 1024px) 100vw, 1024px\" \/><figcaption class=\"wp-element-caption\">Lorem ipsum dolor sit amet, consectetur adipiscing elit.<\/figcaption><\/figure><\/noscript>\n<div class=\"wp-block-kobu-custom-blocks-responsive-spacer responsive-spacer size-small\"><\/div>\n\n<div class=\"wp-block-group alignwide is-layout-grid wp-container-core-group-is-layout-6be84c55 wp-block-group-is-layout-grid\">\n<div class=\"wp-block-group wp-container-content-2155ee95 is-layout-constrained wp-block-group-is-layout-constrained\">\n<h4 class=\"wp-block-heading has-medium-plus-font-size\">Para Cultivar o Esp\u00edrito<\/h4>\n\n\n\n<ul class=\"wp-block-list has-small-font-size\">\n<li>Teatro Lethes<\/li>\n\n\n\n<li>Museu Municipal de Faro<\/li>\n\n\n\n<li>Teatro das Figuras<\/li>\n\n\n\n<li>Associa\u00e7\u00e3o Cultural e Recreativa de M\u00fasicos<\/li>\n<\/ul>\n\n\n\n<div class=\"wp-block-kobu-custom-blocks-responsive-spacer responsive-spacer size-custom\" style=\"height: 40px;\" data-small=\"40\" data-medium=\"40\" data-large=\"40\"><\/div>\n<\/div>\n\n\n\n<div class=\"wp-block-group wp-container-content-2155ee95 is-layout-constrained wp-block-group-is-layout-constrained\">\n<h4 class=\"wp-block-heading has-medium-plus-font-size\">M\u00fasicos<\/h4>\n\n\n\n<ul class=\"wp-block-list has-small-font-size\">\n<li>Associa\u00e7\u00e3o 289<\/li>\n\n\n\n<li>Club Farense<\/li>\n\n\n\n<li>Amarelarte \u2013 Casa Amarela<\/li>\n<\/ul>\n\n\n\n<div class=\"wp-block-kobu-custom-blocks-responsive-spacer responsive-spacer size-custom\" style=\"height: 40px;\" data-small=\"40\" data-medium=\"40\" data-large=\"40\"><\/div>\n<\/div>\n\n\n\n<div class=\"wp-block-group wp-container-content-2155ee95 is-layout-constrained wp-block-group-is-layout-constrained\">\n<h4 class=\"wp-block-heading has-medium-plus-font-size\">A M\u00edstica do Surf<\/h4>\n\n\n\n<p class=\"has-small-font-size\">Tanto para surfistas experientes como para iniciados o Algarve tem das melhores ondas do mundo. Swells gigantes para cora\u00e7\u00f5es mais ousados e ondas pequenas com muita espuma para quem est\u00e1 ou quer come\u00e7ar a aprender.<\/p>\n\n\n\n<div class=\"wp-block-kobu-custom-blocks-responsive-spacer responsive-spacer size-custom\" style=\"height: 40px;\" data-small=\"40\" data-medium=\"40\" data-large=\"40\"><\/div>\n<\/div>\n\n\n\n<div class=\"wp-block-group is-layout-constrained wp-block-group-is-layout-constrained\">\n<h4 class=\"wp-block-heading has-medium-plus-font-size\">Compras e Cinema<\/h4>\n\n\n\n<p class=\"has-small-font-size\">Cinema com pipocas e tudo o que precisas (e tamb\u00e9m o que n\u00e3o precisas) de comprar podes encontrar na parte ocidental de Faro, no centro comercial F\u00f3rum Algarve.<\/p>\n<\/div>\n\n\n\n<div class=\"wp-block-group is-layout-constrained wp-block-group-is-layout-constrained\">\n<h4 class=\"wp-block-heading has-medium-plus-font-size\">Vida Nocturna<\/h4>\n\n\n\n<p class=\"has-small-font-size\">Faro tem uma atmosfera particular que convida as pessoas a passar bons momentos juntos. H\u00e1 bares e pubs para todos os gostos e carteiras poderem apreciar este estilo de vida, \u00fanico da Europa.<\/p>\n<\/div>\n\n\n\n<div class=\"wp-block-group is-layout-constrained wp-block-group-is-layout-constrained\">\n<h4 class=\"wp-block-heading has-medium-plus-font-size\">Recomenda\u00e7\u00f5es para comer e beber<\/h4>\n\n\n\n<ul class=\"wp-block-list has-small-font-size\">\n<li>A Venda \u2013 Casa de Petiscos<\/li>\n\n\n\n<li>Tasca do Am\u00e1vel \u2013 tasca \u00e0 moda antiga<\/li>\n\n\n\n<li>Restaurante Alameda \u2013 Conceito moderno, baseado em ingredientes tradicionais<\/li>\n\n\n\n<li>Outro Lado \u2013 Vegetariano<\/li>\n\n\n\n<li>Mavala Osteria Italiana<\/li>\n\n\n\n<li>EPICUR \u2013 Boutique Wine Bar<\/li>\n<\/ul>\n<\/div>\n<\/div>\n\n<div class=\"wp-block-kobu-custom-blocks-responsive-spacer responsive-spacer size-large\"><\/div>\n\n<h2 class=\"wp-block-heading alignwide has-extra-large-font-size\">Guia de locais chave<\/h2>\n\n<div class=\"wp-block-group alignfull is-layout-grid wp-container-core-group-is-layout-4d858cb8 wp-block-group-is-layout-grid\">\n<div class=\"wp-block-group is-layout-constrained wp-block-group-is-layout-constrained\"><noscript class=\"loading-lazy\">\n<figure class=\"wp-block-image size-full\"><img loading=\"lazy\" decoding=\"async\" width=\"606\" height=\"521\" src=\"https:\/\/eticalgarve.kobudev.com\/files\/uploads\/2025\/08\/faro-7.webp\" alt=\"\" class=\"wp-image-1186\" srcset=\"https:\/\/eticalgarve.kobudev.com\/files\/uploads\/2025\/08\/faro-7.webp 606w, https:\/\/eticalgarve.kobudev.com\/files\/uploads\/2025\/08\/faro-7-300x258.webp 300w\" sizes=\"auto, (max-width: 606px) 100vw, 606px\" \/><\/figure><\/noscript>\n\n\n<div class=\"wp-block-kobu-custom-blocks-responsive-spacer responsive-spacer size-custom\" style=\"height: 20px;\" data-small=\"20\" data-medium=\"20\" data-large=\"20\"><\/div>\n\n\n\n<h3 class=\"wp-block-heading has-medium-plus-font-size\">A Cidade Velha<\/h3>\n\n\n\n<p class=\"has-small-font-size\">A Cidade Velha (centro hist\u00f3rico) de Faro est\u00e1 rodeado por antigas muralhas e cont\u00e9m uma catedral g\u00f3tica, o Pa\u00e7o Episcopal e belas ruas de paralelep\u00edpedos. Fora das muralhas da cidade fica o centro da cidade, com ruas comerciais pedonais, pra\u00e7as pitorescas e uma variedade de restaurantes e bares.<\/p>\n<\/div>\n\n\n\n<div class=\"wp-block-group is-layout-constrained wp-block-group-is-layout-constrained\"><noscript class=\"loading-lazy\">\n<figure class=\"wp-block-image size-full\"><img loading=\"lazy\" decoding=\"async\" width=\"608\" height=\"521\" src=\"https:\/\/eticalgarve.kobudev.com\/files\/uploads\/2025\/08\/faro-8.webp\" alt=\"\" class=\"wp-image-1188\" srcset=\"https:\/\/eticalgarve.kobudev.com\/files\/uploads\/2025\/08\/faro-8.webp 608w, https:\/\/eticalgarve.kobudev.com\/files\/uploads\/2025\/08\/faro-8-300x257.webp 300w\" sizes=\"auto, (max-width: 608px) 100vw, 608px\" \/><\/figure><\/noscript>\n\n\n<div class=\"wp-block-kobu-custom-blocks-responsive-spacer responsive-spacer size-custom\" style=\"height: 20px;\" data-small=\"20\" data-medium=\"20\" data-large=\"20\"><\/div>\n\n\n\n<h3 class=\"wp-block-heading has-medium-plus-font-size\">Mercado Municipal de Faro<\/h3>\n\n\n\n<p class=\"has-small-font-size\">No cora\u00e7\u00e3o da cidade de Faro, este edif\u00edcio caiado de branco \u00e9 um dos melhores s\u00edtios para conhecer os costumes locais. Mime-se com a enorme variedade de produtos tradicionais em exposi\u00e7\u00e3o \u2013 como peixes, carnes, azeitonas, frutas ou milho.<\/p>\n<\/div>\n\n\n\n<div class=\"wp-block-group is-layout-constrained wp-block-group-is-layout-constrained\"><noscript class=\"loading-lazy\">\n<figure class=\"wp-block-image size-full\"><img loading=\"lazy\" decoding=\"async\" width=\"608\" height=\"521\" src=\"https:\/\/eticalgarve.kobudev.com\/files\/uploads\/2025\/08\/faro-9.webp\" alt=\"\" class=\"wp-image-1190\" srcset=\"https:\/\/eticalgarve.kobudev.com\/files\/uploads\/2025\/08\/faro-9.webp 608w, https:\/\/eticalgarve.kobudev.com\/files\/uploads\/2025\/08\/faro-9-300x257.webp 300w\" sizes=\"auto, (max-width: 608px) 100vw, 608px\" \/><\/figure><\/noscript>\n\n\n<div class=\"wp-block-kobu-custom-blocks-responsive-spacer responsive-spacer size-custom\" style=\"height: 20px;\" data-small=\"20\" data-medium=\"20\" data-large=\"20\"><\/div>\n\n\n\n<h3 class=\"wp-block-heading has-medium-plus-font-size\">Barra de S\u00e3o Lu\u00eds (Barrinha)<\/h3>\n\n\n\n<p class=\"has-small-font-size\">Uma \u00e1rea sem constru\u00e7\u00e3o, onde salta \u00e0 vista a beleza das dunas, a flora e as in\u00fameras aves que aqui procuram ref\u00fagio e alimento. O vento e as ondas est\u00e3o sempre a mudar a linha de costa. \u00c9 acess\u00edvel a p\u00e9, a partir da praia de Faro, atrav\u00e9s de um passadi\u00e7o de madeira, ou de barco.<\/p>\n<\/div>\n\n\n\n<div class=\"wp-block-group is-layout-constrained wp-block-group-is-layout-constrained\"><noscript class=\"loading-lazy\">\n<figure class=\"wp-block-image size-full\"><img loading=\"lazy\" decoding=\"async\" width=\"608\" height=\"521\" src=\"https:\/\/eticalgarve.kobudev.com\/files\/uploads\/2025\/08\/faro-10.webp\" alt=\"\" class=\"wp-image-1192\" srcset=\"https:\/\/eticalgarve.kobudev.com\/files\/uploads\/2025\/08\/faro-10.webp 608w, https:\/\/eticalgarve.kobudev.com\/files\/uploads\/2025\/08\/faro-10-300x257.webp 300w\" sizes=\"auto, (max-width: 608px) 100vw, 608px\" \/><\/figure><\/noscript>\n\n\n<div class=\"wp-block-kobu-custom-blocks-responsive-spacer responsive-spacer size-custom\" style=\"height: 20px;\" data-small=\"20\" data-medium=\"20\" data-large=\"20\"><\/div>\n\n\n\n<h3 class=\"wp-block-heading has-medium-plus-font-size\">Pal\u00e1cio de Estoi<\/h3>\n\n\n\n<p class=\"has-small-font-size\">A sua constru\u00e7\u00e3o come\u00e7ou por volta de 1840 mas s\u00f3 foi conclu\u00eddo em 1909. Os edif\u00edcios s\u00e3o excecionalmente belos e combinam estilos neocl\u00e1ssico e rococ\u00f3. Vale a pena visitar tamb\u00e9m os jardins, em estilo franc\u00eas, com \u00e1rvores de frutas e palmeiras, fontes e esculturas. O pal\u00e1cio funciona como uma \u201cpousada de charme\u201d.<\/p>\n<\/div>\n<\/div>\n\n<div class=\"wp-block-kobu-custom-blocks-responsive-spacer responsive-spacer size-large\"><\/div>\n\n<div class=\"wp-block-kobu-custom-blocks-section-wrapper alignfull kobu-section has-background has-lightcolour-2-background-color\">\n<div class=\"wp-block-kobu-custom-blocks-responsive-spacer responsive-spacer size-custom\" style=\"height: 30px;\" data-small=\"30\" data-medium=\"30\" data-large=\"30\"><\/div>\n\n\n<noscript class=\"loading-lazy\">\n<figure class=\"wp-block-image alignfull size-large\"><img loading=\"lazy\" decoding=\"async\" width=\"1024\" height=\"424\" src=\"https:\/\/eticalgarve.kobudev.com\/files\/uploads\/2025\/08\/faro-11-1024x424.webp\" alt=\"\" class=\"wp-image-1194\" srcset=\"https:\/\/eticalgarve.kobudev.com\/files\/uploads\/2025\/08\/faro-11-1024x424.webp 1024w, https:\/\/eticalgarve.kobudev.com\/files\/uploads\/2025\/08\/faro-11-300x124.webp 300w, https:\/\/eticalgarve.kobudev.com\/files\/uploads\/2025\/08\/faro-11-768x318.webp 768w, https:\/\/eticalgarve.kobudev.com\/files\/uploads\/2025\/08\/faro-11-1536x636.webp 1536w, https:\/\/eticalgarve.kobudev.com\/files\/uploads\/2025\/08\/faro-11-2048x847.webp 2048w\" sizes=\"auto, (max-width: 1024px) 100vw, 1024px\" \/><\/figure><\/noscript>\n\n\n<div class=\"wp-block-kobu-custom-blocks-responsive-spacer responsive-spacer size-custom\" style=\"height: 40px;\" data-small=\"40\" data-medium=\"40\" data-large=\"40\"><\/div>\n\n\n\n<div class=\"wp-block-group alignwide is-layout-grid wp-container-core-group-is-layout-baef362d wp-block-group-is-layout-grid\">\n<h2 class=\"wp-block-heading has-extra-large-font-size\">ETIC_Algarve<\/h2>\n\n\n\n<p class=\"has-small-font-size\">Largo Dr.Francisco S\u00e1 Carneiro, Mercado Municipal de Faro, loja etic_algarve, 1\u00ba piso, cx. 77<br\/>8000-151 Faro, Portugal<\/p>\n<\/div>\n\n\n\n<div class=\"wp-block-kobu-custom-blocks-responsive-spacer responsive-spacer size-large\"><\/div>\n<\/div>\n","protected":false},"excerpt":{"rendered":"<p>A nossa cidade tem uma coisa curiosa. Os dias passam calmos e pouco apressados, mas \u00e0 noite Faro ganha uma vida surpreendente. Aqui reunimos uma m\u00e3o cheia de atrac\u00e7\u00f5es fascinantes para quem vive e estuda em Faro.<\/p>\n","protected":false},"author":2,"featured_media":3718,"parent":1400,"menu_order":0,"comment_status":"closed","ping_status":"closed","template":"","meta":{"_acf_changed":false,"inline_featured_image":false,"footnotes":""},"class_list":["post-1973","page","type-page","status-publish","has-post-thumbnail","hentry"],"acf":[],"_links":{"self":[{"href":"https:\/\/eticalgarve.kobudev.com\/en\/wp-json\/wp\/v2\/pages\/1973","targetHints":{"allow":["GET"]}}],"collection":[{"href":"https:\/\/eticalgarve.kobudev.com\/en\/wp-json\/wp\/v2\/pages"}],"about":[{"href":"https:\/\/eticalgarve.kobudev.com\/en\/wp-json\/wp\/v2\/types\/page"}],"author":[{"embeddable":true,"href":"https:\/\/eticalgarve.kobudev.com\/en\/wp-json\/wp\/v2\/users\/2"}],"replies":[{"embeddable":true,"href":"https:\/\/eticalgarve.kobudev.com\/en\/wp-json\/wp\/v2\/comments?post=1973"}],"version-history":[{"count":0,"href":"https:\/\/eticalgarve.kobudev.com\/en\/wp-json\/wp\/v2\/pages\/1973\/revisions"}],"up":[{"embeddable":true,"href":"https:\/\/eticalgarve.kobudev.com\/en\/wp-json\/wp\/v2\/pages\/1400"}],"wp:featuredmedia":[{"embeddable":true,"href":"https:\/\/eticalgarve.kobudev.com\/en\/wp-json\/wp\/v2\/media\/3718"}],"wp:attachment":[{"href":"https:\/\/eticalgarve.kobudev.com\/en\/wp-json\/wp\/v2\/media?parent=1973"}],"curies":[{"name":"wp","href":"https:\/\/api.w.org\/{rel}","templated":true}]}}