{"id":1971,"date":"2025-07-17T14:45:57","date_gmt":"2025-07-17T14:45:57","guid":{"rendered":"https:\/\/eticalgarve.kobudev.com\/etic_algarve\/about-the-school\/"},"modified":"2025-09-03T00:19:25","modified_gmt":"2025-09-03T00:19:25","slug":"about-the-school","status":"publish","type":"page","link":"https:\/\/eticalgarve.kobudev.com\/en\/etic_algarve\/about-the-school\/","title":{"rendered":"About the School"},"content":{"rendered":"\n<h2 class=\"wp-block-heading alignwide has-extra-large-font-size\">Continua Sempre <em>Irrequieto\/Meio louco<\/em><\/h2>\n\n<div class=\"wp-block-kobu-custom-blocks-inner-content-img alignfull media-content-group child-item align-right valign-start img-last\"><div class=\"content-col\"><div class=\"content-col-wrapper\">\n<p class=\"has-small-font-size\">Na ETIC_Algarve fornecemos forma\u00e7\u00e3o de excel\u00eancia para as Ind\u00fastrias Criativas. Fomentamos o esp\u00edrito irrequieto e em permanente desassossego, porque acreditamos ser esta a melhor forma de alimentar a criatividade.<\/p>\n\n\n\n<p class=\"has-small-font-size\">Procuramos o desafio constante da inova\u00e7\u00e3o e para isso contamos com uma equipa empenhada e um ambiente descontra\u00eddo, mas n\u00e3o menos exigente.<\/p>\n\n\n\n<p class=\"has-small-font-size\">No cora\u00e7\u00e3o da cidade de Faro, a nossa escola \u00e9 um dos pulm\u00f5es criativos da regi\u00e3o. Aqui se vive e respira criatividade, mas tamb\u00e9m rigor e capacidade de trabalho, num espa\u00e7o que potencia a liberdade de criar.<\/p>\n<\/div><\/div><div class=\"media-col\"><figure><img loading=\"lazy\" decoding=\"async\" width=\"1720\" height=\"1108\" class=\"wp-image-1305\" src=\"https:\/\/eticalgarve.kobudev.com\/files\/uploads\/2025\/08\/sobre-a-escola-1.webp\" alt=\"\" title=\"sobre-a-escola-1\" sizes=\"auto, (min-width: 601px) 50vw, 100vw\" srcset=\"https:\/\/eticalgarve.kobudev.com\/files\/uploads\/2025\/08\/sobre-a-escola-1.webp 1720w, https:\/\/eticalgarve.kobudev.com\/files\/uploads\/2025\/08\/sobre-a-escola-1-300x193.webp 300w, https:\/\/eticalgarve.kobudev.com\/files\/uploads\/2025\/08\/sobre-a-escola-1-1024x660.webp 1024w, https:\/\/eticalgarve.kobudev.com\/files\/uploads\/2025\/08\/sobre-a-escola-1-768x495.webp 768w, https:\/\/eticalgarve.kobudev.com\/files\/uploads\/2025\/08\/sobre-a-escola-1-1536x989.webp 1536w\" \/><\/figure><\/div><\/div>\n\n<div class=\"wp-block-kobu-custom-blocks-responsive-spacer responsive-spacer size-large\"><\/div>\n\n<h2 class=\"wp-block-heading alignwide has-extra-large-font-size\">Desde 2010 a despertar <em>O bichinho criativo<\/em><\/h2>\n\n<div class=\"wp-block-kobu-custom-blocks-inner-content-img alignfull media-content-group child-item align-left valign-start img-last\"><div class=\"content-col\"><div class=\"content-col-wrapper\">\n<div class=\"wp-block-group is-layout-constrained wp-block-group-is-layout-constrained\">\n<div class=\"wp-block-group is-layout-grid wp-container-core-group-is-layout-baef362d wp-block-group-is-layout-grid\">\n<div class=\"wp-block-group is-layout-constrained wp-block-group-is-layout-constrained\">\n<h3 class=\"wp-block-heading has-medium-small-font-size\">Mais de 2500 formandos j\u00e1 beneficiaram de uma alian\u00e7a incomum que cri\u00e1mos na ETIC_Algarve.<\/h3>\n\n\n\n<p class=\"has-small-font-size\">Por um lado, temos formadores que se distinguem por serem profissionais experientes no mercado de trabalho. Por outro, reunimos uma diversidade de equipamentos de \u00faltima gera\u00e7\u00e3o. Ambos se fundem em projetos curriculares e extra-curriculares, num contacto permanente com o mercado de trabalho, potenciado por parcerias, protocolos e projetos.<\/p>\n\n\n\n<p class=\"has-small-font-size\">\u00c9 atrav\u00e9s desta alian\u00e7a que os nossos formandos ganham experi\u00eancias e conhecimentos previlegiados. Mas n\u00e3o \u00e9 tudo. Procuramos inovar e melhorar a cada dia que passa.<\/p>\n<\/div>\n\n\n\n<div class=\"wp-block-group is-layout-constrained wp-block-group-is-layout-constrained\">\n<p class=\"has-small-font-size\">Damos passos largos na Europa com os Esta\u0301gios Erasmus+, atrav\u00e9s dos quais os nossos formandos podem estagiar em va\u0301rias cidades europeias durante 3 meses ou 6 meses, em empresas das suas \u00e1reas de forma\u00e7\u00e3o.<\/p>\n\n\n\n<p>Temos vindo ainda a estabelecer protocolos pedag\u00f3gicos que permitem aos nossos formandos obter forma\u00e7\u00e3o certificada e reconhecida internacionalmente e que permite a equival\u00eancia ao N\u00edvel 6 do Quadro Europeu de Qualificac\u0327o\u0303es, mediante a continuac\u0327a\u0303o dos estudos em escolas europeias nossas parceiras.<\/p>\n\n\n\n<p class=\"has-small-font-size\">Este e\u0301 o esp\u00edrito que vivemos e que podes viver tamb\u00e9m nesta escola u\u0301nica a sul do Tejo.<\/p>\n<\/div>\n<\/div>\n<\/div>\n\n\n\n<div class=\"wp-block-kobu-custom-blocks-responsive-spacer responsive-spacer size-small\"><\/div>\n\n\n<noscript class=\"loading-lazy\">\n<figure class=\"wp-block-image alignfull size-large\"><img loading=\"lazy\" decoding=\"async\" width=\"1024\" height=\"786\" src=\"https:\/\/eticalgarve.kobudev.com\/files\/uploads\/2025\/08\/sobre-a-escola-3-1024x786.webp\" alt=\"\" class=\"wp-image-1309\" srcset=\"https:\/\/eticalgarve.kobudev.com\/files\/uploads\/2025\/08\/sobre-a-escola-3-1024x786.webp 1024w, https:\/\/eticalgarve.kobudev.com\/files\/uploads\/2025\/08\/sobre-a-escola-3-300x230.webp 300w, https:\/\/eticalgarve.kobudev.com\/files\/uploads\/2025\/08\/sobre-a-escola-3-768x590.webp 768w, https:\/\/eticalgarve.kobudev.com\/files\/uploads\/2025\/08\/sobre-a-escola-3.webp 1052w\" sizes=\"auto, (max-width: 1024px) 100vw, 1024px\" \/><\/figure><\/noscript><\/div><\/div><div class=\"media-col\"><figure><img loading=\"lazy\" decoding=\"async\" width=\"1050\" height=\"1208\" class=\"wp-image-1307\" src=\"https:\/\/eticalgarve.kobudev.com\/files\/uploads\/2025\/08\/sobre-a-escola-2.webp\" alt=\"\" title=\"sobre-a-escola-2\" sizes=\"auto, (min-width: 601px) 50vw, 100vw\" srcset=\"https:\/\/eticalgarve.kobudev.com\/files\/uploads\/2025\/08\/sobre-a-escola-2.webp 1050w, https:\/\/eticalgarve.kobudev.com\/files\/uploads\/2025\/08\/sobre-a-escola-2-261x300.webp 261w, https:\/\/eticalgarve.kobudev.com\/files\/uploads\/2025\/08\/sobre-a-escola-2-890x1024.webp 890w, https:\/\/eticalgarve.kobudev.com\/files\/uploads\/2025\/08\/sobre-a-escola-2-768x884.webp 768w\" \/><\/figure><\/div><\/div>\n\n<div class=\"wp-block-kobu-custom-blocks-responsive-spacer responsive-spacer size-large\"><\/div>\n\n<div class=\"wp-block-kobu-custom-blocks-section-wrapper alignfull kobu-section has-background has-lightcolour-2-background-color\">\n<div class=\"wp-block-kobu-custom-blocks-responsive-spacer responsive-spacer size-custom\" style=\"height: 30px;\" data-small=\"30\" data-medium=\"30\" data-large=\"30\"><\/div>\n\n\n\n<div class=\"wp-block-group alignfull statistics-grid is-layout-grid wp-container-core-group-is-layout-6be84c55 wp-block-group-is-layout-grid\">\n<div class=\"wp-block-group has-darkcolour-background-color has-background is-layout-constrained wp-block-group-is-layout-constrained\">\n<h2 class=\"wp-block-heading has-lightcolour-2-color has-text-color has-link-color has-gigantic-font-size wp-elements-ee1adba90ac994b0bd418c28714b6009\">85%<\/h2>\n\n\n\n<p class=\"has-lightcolour-2-color has-text-color has-link-color has-medium-font-size wp-elements-cac5cf767031ef3317e3f218241e8666\">Empregabilidade dos nossos formandos<\/p>\n<\/div>\n\n\n\n<div class=\"wp-block-group has-darkcolour-background-color has-background is-layout-constrained wp-block-group-is-layout-constrained\">\n<h2 class=\"wp-block-heading has-lightcolour-2-color has-text-color has-link-color has-extra-large-font-size wp-elements-a0325a3bbcf628cd214141e28e364f88\">89,6%<\/h2>\n\n\n\n<p class=\"has-lightcolour-2-color has-text-color has-link-color has-medium-font-size wp-elements-249aaa47e8664f2e6fb3d2fbd6ccde62\">Avalia\u00e7\u00e3o da Satisfa\u00e7\u00e3o<\/p>\n<\/div>\n\n\n\n<div class=\"wp-block-group has-darkcolour-background-color has-background is-layout-constrained wp-block-group-is-layout-constrained\">\n<h2 class=\"wp-block-heading has-lightcolour-2-color has-text-color has-link-color has-extra-large-font-size wp-elements-6927164eb86c36a46dd041e2929424e3\">153<\/h2>\n\n\n\n<p class=\"has-lightcolour-2-color has-text-color has-link-color has-medium-font-size wp-elements-6c7489df27a0d1932ea5fd327d4eb401\">Bolsas de Mobilidade Europeia Erasmus+<\/p>\n<\/div>\n\n\n\n<div class=\"wp-block-group has-darkcolour-background-color has-background is-layout-constrained wp-block-group-is-layout-constrained\">\n<h2 class=\"wp-block-heading has-lightcolour-2-color has-text-color has-link-color has-extra-large-font-size wp-elements-6b515cc05b9c58810e207dd5476b3090\">2721<\/h2>\n\n\n\n<p class=\"has-lightcolour-2-color has-text-color has-link-color has-medium-font-size wp-elements-c2345a6bd3f7d9e3d67b64d6550aec08\">Formandos<\/p>\n<\/div>\n\n\n\n<div class=\"wp-block-group has-darkcolour-background-color has-background is-layout-constrained wp-block-group-is-layout-constrained\">\n<h2 class=\"wp-block-heading has-lightcolour-2-color has-text-color has-link-color has-extra-large-font-size wp-elements-1f122b365a2ec3f208cd4264df4dda0c\">14<\/h2>\n\n\n\n<p class=\"has-lightcolour-2-color has-text-color has-link-color has-medium-font-size wp-elements-99693248e4619abfe62c98498bb5db74\">Anos de exist\u00eancia<\/p>\n<\/div>\n\n\n\n<div class=\"wp-block-group has-darkcolour-background-color has-background is-layout-constrained wp-block-group-is-layout-constrained\">\n<h2 class=\"wp-block-heading has-lightcolour-2-color has-text-color has-link-color has-extra-large-font-size wp-elements-0a2c19efb9f52dcb2f82a52598b71f1f\">10<\/h2>\n\n\n\n<p class=\"has-lightcolour-2-color has-text-color has-link-color has-medium-font-size wp-elements-cebbe01a746dc0a0b4aeb1991a387db3\">Nacionalidades dos Nossos Alunos<\/p>\n<\/div>\n<\/div>\n\n\n\n<div class=\"wp-block-kobu-custom-blocks-responsive-spacer responsive-spacer size-custom\" style=\"height: 30px;\" data-small=\"30\" data-medium=\"30\" data-large=\"30\"><\/div>\n<\/div>\n\n<div class=\"wp-block-kobu-custom-blocks-section-wrapper alignfull kobu-section has-text-color has-darkcolour-color has-background has-lightcolour-2-background-color has-link-color wp-elements-7ecf87eeb62ef87a658bab2e1081b55a\">\n<div class=\"wp-block-kobu-custom-blocks-responsive-spacer responsive-spacer size-custom\" style=\"height: 30px;\" data-small=\"30\" data-medium=\"30\" data-large=\"30\"><\/div>\n\n\n\n<div class=\"wp-block-group alignfull grid-with-border is-layout-grid wp-container-core-group-is-layout-6be84c55 wp-block-group-is-layout-grid\">\n<div class=\"wp-block-group is-layout-constrained wp-block-group-is-layout-constrained\">\n<h3 class=\"wp-block-heading has-regular-font-size\">Pr\u00e9mios<\/h3>\n\n\n\n<h4 class=\"wp-block-heading has-medium-plus-font-size\">2 videojogos finalistas dos pr\u00e9mios playsation talents portugal 2022<\/h4>\n\n\n\n<div class=\"wp-block-kobu-custom-blocks-responsive-spacer responsive-spacer size-custom\" style=\"height: 20px;\" data-small=\"20\" data-medium=\"20\" data-large=\"20\"><\/div>\n\n\n\n<div class=\"wp-block-buttons is-layout-flex wp-block-buttons-is-layout-flex\">\n<div class=\"wp-block-button simple-button\"><a class=\"wp-block-button__link has-small-font-size has-custom-font-size wp-element-button\">saber mais<\/a><\/div>\n<\/div>\n<\/div>\n\n\n\n<div class=\"wp-block-group is-layout-constrained wp-block-group-is-layout-constrained\">\n<h4 class=\"wp-block-heading has-medium-plus-font-size\">Exposi\u00e7\u00e3o CH2=CH2 trabalho de aluno no \u00e2mbito do ERASMUS+ com figuras p\u00fablicas<\/h4>\n\n\n\n<div class=\"wp-block-kobu-custom-blocks-responsive-spacer responsive-spacer size-custom\" style=\"height: 20px;\" data-small=\"20\" data-medium=\"20\" data-large=\"20\"><\/div>\n\n\n\n<div class=\"wp-block-buttons is-layout-flex wp-block-buttons-is-layout-flex\">\n<div class=\"wp-block-button simple-button\"><a class=\"wp-block-button__link has-small-font-size has-custom-font-size wp-element-button\">saber mais<\/a><\/div>\n<\/div>\n<\/div>\n\n\n\n<div class=\"wp-block-group is-layout-constrained wp-block-group-is-layout-constrained\">\n<h3 class=\"wp-block-heading has-regular-font-size\">Pr\u00e9mios<\/h3>\n\n\n\n<h4 class=\"wp-block-heading has-medium-plus-font-size\">Boas Pr\u00e1ticas Erasmus+ 2018<\/h4>\n<\/div>\n\n\n\n<div class=\"wp-block-group is-layout-constrained wp-block-group-is-layout-constrained\">\n<h3 class=\"wp-block-heading has-regular-font-size\">Parceria<\/h3>\n\n\n\n<h4 class=\"wp-block-heading has-medium-plus-font-size\">Com Catalyst Berlin para a \u00e1rea da m\u00fasica \u2013 2020<\/h4>\n<\/div>\n\n\n\n<div class=\"wp-block-group is-layout-constrained wp-block-group-is-layout-constrained\">\n<h3 class=\"wp-block-heading has-regular-font-size\">Parceria<\/h3>\n\n\n\n<h4 class=\"wp-block-heading has-medium-plus-font-size\">Com Prague City University e ETIC para Top Up Year<\/h4>\n<\/div>\n\n\n\n<div class=\"wp-block-group is-layout-constrained wp-block-group-is-layout-constrained\">\n<h3 class=\"wp-block-heading has-regular-font-size\">Parceria<\/h3>\n\n\n\n<h4 class=\"wp-block-heading has-medium-plus-font-size\">Com Teesside University para a \u00e1rea de videojogos para Top Up Year<\/h4>\n<\/div>\n<\/div>\n\n\n\n<div class=\"wp-block-kobu-custom-blocks-responsive-spacer responsive-spacer size-custom\" style=\"height: 30px;\" data-small=\"30\" data-medium=\"30\" data-large=\"30\"><\/div>\n<\/div>\n","protected":false},"excerpt":{"rendered":"<p>Continua Sempre Irrequieto\/Meio louco Desde 2010 a despertar O bichinho criativo<\/p>\n","protected":false},"author":2,"featured_media":3758,"parent":1400,"menu_order":201,"comment_status":"closed","ping_status":"closed","template":"","meta":{"_acf_changed":false,"inline_featured_image":false,"footnotes":""},"class_list":["post-1971","page","type-page","status-publish","has-post-thumbnail","hentry"],"acf":[],"_links":{"self":[{"href":"https:\/\/eticalgarve.kobudev.com\/en\/wp-json\/wp\/v2\/pages\/1971","targetHints":{"allow":["GET"]}}],"collection":[{"href":"https:\/\/eticalgarve.kobudev.com\/en\/wp-json\/wp\/v2\/pages"}],"about":[{"href":"https:\/\/eticalgarve.kobudev.com\/en\/wp-json\/wp\/v2\/types\/page"}],"author":[{"embeddable":true,"href":"https:\/\/eticalgarve.kobudev.com\/en\/wp-json\/wp\/v2\/users\/2"}],"replies":[{"embeddable":true,"href":"https:\/\/eticalgarve.kobudev.com\/en\/wp-json\/wp\/v2\/comments?post=1971"}],"version-history":[{"count":0,"href":"https:\/\/eticalgarve.kobudev.com\/en\/wp-json\/wp\/v2\/pages\/1971\/revisions"}],"up":[{"embeddable":true,"href":"https:\/\/eticalgarve.kobudev.com\/en\/wp-json\/wp\/v2\/pages\/1400"}],"wp:featuredmedia":[{"embeddable":true,"href":"https:\/\/eticalgarve.kobudev.com\/en\/wp-json\/wp\/v2\/media\/3758"}],"wp:attachment":[{"href":"https:\/\/eticalgarve.kobudev.com\/en\/wp-json\/wp\/v2\/media?parent=1971"}],"curies":[{"name":"wp","href":"https:\/\/api.w.org\/{rel}","templated":true}]}}