{"id":1955,"date":"2025-07-17T14:37:02","date_gmt":"2025-07-17T14:37:02","guid":{"rendered":"https:\/\/eticalgarve.kobudev.com\/advantages\/"},"modified":"2025-09-07T14:57:22","modified_gmt":"2025-09-07T14:57:22","slug":"advantages","status":"publish","type":"page","link":"https:\/\/eticalgarve.kobudev.com\/en\/advantages\/","title":{"rendered":"Advantages"},"content":{"rendered":"\n<div class=\"wp-block-kobu-custom-blocks-section-wrapper alignfull kobu-section has-background has-lightcolour-1-background-color\">\n<div class=\"wp-block-kobu-custom-blocks-responsive-spacer responsive-spacer size-custom\" style=\"height: 40px;\" data-small=\"40\" data-medium=\"40\" data-large=\"40\"><\/div>\n\n\n\n<div class=\"wp-block-group alignfull grid-with-border is-layout-grid wp-container-core-group-is-layout-6be84c55 wp-block-group-is-layout-grid\">\n<div class=\"wp-block-group is-layout-constrained wp-block-group-is-layout-constrained\">\n<h2 class=\"wp-block-heading has-darkcolour-color has-text-color has-link-color has-medium-plus-font-size wp-elements-d90d0801b3956bd48f7379be22324023\">Lorem ipsum dolor sit amet, consectetur<\/h2>\n\n\n\n<p class=\"has-darkcolour-color has-text-color has-link-color wp-elements-5630ddac0791bcc4b9cf2a0c8db7fb04\">Lorem ipsum dolor sit amet, consectetur adipiscing elit. Aliquam a varius nunc.<\/p>\n\n\n\n<div class=\"wp-block-buttons is-layout-flex wp-block-buttons-is-layout-flex\">\n<div class=\"wp-block-button simple-button is-style-fill\"><a class=\"wp-block-button__link wp-element-button\">learn more \u2192<\/a><\/div>\n<\/div>\n<\/div>\n\n\n\n<div class=\"wp-block-group is-layout-constrained wp-block-group-is-layout-constrained\">\n<h2 class=\"wp-block-heading has-darkcolour-color has-text-color has-link-color has-medium-plus-font-size wp-elements-497d3cf7220487a48fa9512b6820cc36\">Maecenas finibus leo eros, et congue ipsum elementum id.<\/h2>\n<\/div>\n\n\n\n<div class=\"wp-block-group is-layout-constrained wp-block-group-is-layout-constrained\">\n<h2 class=\"wp-block-heading has-darkcolour-color has-text-color has-link-color has-medium-plus-font-size wp-elements-95e1177e1f2762fd35f19c1660d5869a\">Donec sodales<\/h2>\n\n\n\n<p class=\"has-darkcolour-color has-text-color has-link-color wp-elements-7bdff21e2e312b241e36238184fe4fa2\">Donec sodales massa nec sapien convallis, a suscipit nulla feugiat. Quisque consequat justo at odio iaculis, id rhoncus eros egestas. Quisque nec vulputate augue.<\/p>\n<\/div>\n\n\n\n<div class=\"wp-block-group is-layout-constrained wp-block-group-is-layout-constrained\">\n<h2 class=\"wp-block-heading has-darkcolour-color has-text-color has-link-color has-medium-plus-font-size wp-elements-8359a813ef320c419626eed676e557bf\">Aenean ut quam pellentesque<\/h2>\n\n\n\n<p class=\"has-darkcolour-color has-text-color has-link-color wp-elements-3024c71787b66a21eb3ea172152f19c3\">Aenean ut quam pellentesque, venenatis dolor vel, sodales nisl. Curabitur et tellus at velit tincidunt lobortis.<\/p>\n<\/div>\n\n\n\n<div class=\"wp-block-group is-layout-constrained wp-block-group-is-layout-constrained\">\n<h2 class=\"wp-block-heading has-darkcolour-color has-text-color has-link-color has-medium-plus-font-size wp-elements-359252bd1f219d20dc5a735e9e2fe664\">Pellentesque magna<\/h2>\n\n\n\n<p class=\"has-darkcolour-color has-text-color has-link-color wp-elements-2b3d166f2fee49ae510fa4625707be7c\">Pellentesque magna eros, aliquet et pretium nec, fringilla ut leo.<\/p>\n<\/div>\n\n\n\n<div class=\"wp-block-group is-layout-constrained wp-block-group-is-layout-constrained\">\n<h2 class=\"wp-block-heading has-darkcolour-color has-text-color has-link-color has-medium-plus-font-size wp-elements-c04e380cb37996964b77f7522bb15ab7\">Sed cursus tellus nec urna sodales sagittis<\/h2>\n\n\n\n<div class=\"wp-block-buttons is-layout-flex wp-block-buttons-is-layout-flex\">\n<div class=\"wp-block-button simple-button is-style-fill\"><a class=\"wp-block-button__link wp-element-button\">learn more \u2192<\/a><\/div>\n<\/div>\n<\/div>\n\n\n\n<div class=\"wp-block-group is-layout-constrained wp-block-group-is-layout-constrained\">\n<h2 class=\"wp-block-heading has-darkcolour-color has-text-color has-link-color has-medium-plus-font-size wp-elements-2779904aa1094cd86548ef8c418ba249\">Quisque consequat justo at odio iaculis, id rhoncus eros egestas.<\/h2>\n<\/div>\n\n\n\n<div class=\"wp-block-group is-layout-constrained wp-block-group-is-layout-constrained\">\n<h2 class=\"wp-block-heading has-darkcolour-color has-text-color has-link-color has-medium-plus-font-size wp-elements-043efb6d34645638285d42bb301b4bdc\">Nunc scelerisque vulputate justo<\/h2>\n\n\n\n<p class=\"has-darkcolour-color has-text-color has-link-color wp-elements-a38bad0ee3f041f85f0fc03f9e7e1dc3\">Nunc scelerisque vulputate justo tempus mattis. Sed cursus quam lacinia vulputate imperdiet.<\/p>\n\n\n\n<div class=\"wp-block-buttons is-layout-flex wp-block-buttons-is-layout-flex\">\n<div class=\"wp-block-button simple-button is-style-fill\"><a class=\"wp-block-button__link wp-element-button\">learn more \u2192<\/a><\/div>\n<\/div>\n<\/div>\n<\/div>\n\n\n\n<div class=\"wp-block-kobu-custom-blocks-responsive-spacer responsive-spacer size-large\"><\/div>\n<\/div>\n\n<div class=\"wp-block-kobu-custom-blocks-responsive-spacer responsive-spacer size-large\"><\/div>\n\n<h2 class=\"wp-block-heading has-huge-font-size\">Apoio ao Formando<\/h2>\n\n<p>A preocupa\u00e7\u00e3o com o bem-estar dos formandos \u00e9 uma constante, pelo que a ETIC_Algarve tem vindo a disponibilizar \u00e0 sua comunidade diversos servi\u00e7os que contribuem para o seu crescimento pessoal e humano.<\/p>\n\n<p>Seja no apoio \u00e0 Inser\u00e7\u00e3o no Mercado de Trabalho, seja no Apoio ao Desenvolvimento Pessoal, ou atrav\u00e9s de apoios financeiros concedidos atrav\u00e9s da recente Bolsa Forma\u00e7\u00e3o, s\u00e3o v\u00e1rias as formas que colocamos \u00e0 disposi\u00e7\u00e3o dos formandos para facilitar e promover o seu crescimento.<\/p>\n\n<div class=\"wp-block-buttons is-layout-flex wp-block-buttons-is-layout-flex\">\n<div class=\"wp-block-button\"><a class=\"wp-block-button__link wp-element-button\" href=\"https:\/\/eticalgarve.kobudev.com\/en\/advantages\/support-for-the-trainee\/\">EN call to action<\/a><\/div>\n<\/div>\n\n<div class=\"wp-block-kobu-custom-blocks-responsive-spacer responsive-spacer size-small\"><\/div>\n\n<div class=\"wp-block-group grid-with-border apoio-ao-formando is-layout-grid wp-container-core-group-is-layout-8d2db683 wp-block-group-is-layout-grid\">\n<div class=\"wp-block-kobu-custom-blocks-inner-content-img media-content-group child-item align-right valign-start img-last\"><div class=\"content-col\"><div class=\"content-col-wrapper\">\n<div class=\"wp-block-group is-layout-constrained wp-block-group-is-layout-constrained\">\n<h2 class=\"wp-block-heading has-medium-plus-font-size\">Bolsa Forma\u00e7\u00e3o<\/h2>\n\n\n\n<div class=\"wp-block-buttons is-layout-flex wp-block-buttons-is-layout-flex\">\n<div class=\"wp-block-button simple-button\"><a class=\"wp-block-button__link wp-element-button\" href=\"https:\/\/eticalgarve.kobudev.com\/en\/advantages\/support-for-the-trainee\/bolsa-de-formacao-en\/\">learn more \u2192<\/a><\/div>\n<\/div>\n<\/div>\n<\/div><\/div><div class=\"media-col\"><figure><img loading=\"lazy\" decoding=\"async\" width=\"670\" height=\"460\" class=\"wp-image-1237\" src=\"https:\/\/eticalgarve.kobudev.com\/files\/uploads\/2025\/08\/apoio-ao-formando-1.webp\" alt=\"\" title=\"apoio-ao-formando-1\" sizes=\"auto, (min-width: 1201px) 35vw, (min-width: 601px) 50vw, 100vw\" srcset=\"https:\/\/eticalgarve.kobudev.com\/files\/uploads\/2025\/08\/apoio-ao-formando-1.webp 670w, https:\/\/eticalgarve.kobudev.com\/files\/uploads\/2025\/08\/apoio-ao-formando-1-300x206.webp 300w\" \/><\/figure><\/div><\/div>\n\n\n\n<div class=\"wp-block-kobu-custom-blocks-inner-content-img media-content-group child-item align-right valign-start img-last\"><div class=\"content-col\"><div class=\"content-col-wrapper\">\n<div class=\"wp-block-group is-layout-constrained wp-block-group-is-layout-constrained\">\n<h2 class=\"wp-block-heading has-medium-plus-font-size\">Bolsa Lu\u00eds Lobato<\/h2>\n\n\n\n<div class=\"wp-block-buttons is-layout-flex wp-block-buttons-is-layout-flex\">\n<div class=\"wp-block-button simple-button\"><a class=\"wp-block-button__link wp-element-button\" href=\"https:\/\/eticalgarve.kobudev.com\/en\/advantages\/support-for-the-trainee\/bolsa-luis-lobato-en\/\">learn more \u2192<\/a><\/div>\n<\/div>\n<\/div>\n<\/div><\/div><div class=\"media-col\"><figure><img loading=\"lazy\" decoding=\"async\" width=\"670\" height=\"461\" class=\"wp-image-1240\" src=\"https:\/\/eticalgarve.kobudev.com\/files\/uploads\/2025\/08\/apoio-ao-formando-2.webp\" alt=\"\" title=\"apoio-ao-formando-2\" sizes=\"auto, (min-width: 1201px) 35vw, (min-width: 601px) 50vw, 100vw\" srcset=\"https:\/\/eticalgarve.kobudev.com\/files\/uploads\/2025\/08\/apoio-ao-formando-2.webp 670w, https:\/\/eticalgarve.kobudev.com\/files\/uploads\/2025\/08\/apoio-ao-formando-2-300x206.webp 300w\" \/><\/figure><\/div><\/div>\n\n\n\n<div class=\"wp-block-kobu-custom-blocks-inner-content-img media-content-group child-item align-right valign-start img-last\"><div class=\"content-col\"><div class=\"content-col-wrapper\">\n<div class=\"wp-block-group is-layout-constrained wp-block-group-is-layout-constrained\">\n<h2 class=\"wp-block-heading has-medium-plus-font-size\">Desenvolvimento pessoal<\/h2>\n\n\n\n<div class=\"wp-block-buttons is-layout-flex wp-block-buttons-is-layout-flex\">\n<div class=\"wp-block-button simple-button\"><a class=\"wp-block-button__link wp-element-button\" href=\"https:\/\/eticalgarve.kobudev.com\/en\/advantages\/support-for-the-trainee\/desenvolvimento-pessoal-en\/\">learn more \u2192<\/a><\/div>\n<\/div>\n<\/div>\n<\/div><\/div><div class=\"media-col\"><figure><img loading=\"lazy\" decoding=\"async\" width=\"670\" height=\"461\" class=\"wp-image-1242\" src=\"https:\/\/eticalgarve.kobudev.com\/files\/uploads\/2025\/08\/apoio-ao-formando-3.webp\" alt=\"\" title=\"apoio-ao-formando-3\" sizes=\"auto, (min-width: 1201px) 35vw, (min-width: 601px) 50vw, 100vw\" srcset=\"https:\/\/eticalgarve.kobudev.com\/files\/uploads\/2025\/08\/apoio-ao-formando-3.webp 670w, https:\/\/eticalgarve.kobudev.com\/files\/uploads\/2025\/08\/apoio-ao-formando-3-300x206.webp 300w\" \/><\/figure><\/div><\/div>\n\n\n\n<div class=\"wp-block-kobu-custom-blocks-inner-content-img media-content-group child-item align-right valign-start img-last\"><div class=\"content-col\"><div class=\"content-col-wrapper\">\n<div class=\"wp-block-group is-layout-constrained wp-block-group-is-layout-constrained\">\n<h2 class=\"wp-block-heading has-medium-plus-font-size\">Est\u00e1gios JUMP<\/h2>\n\n\n\n<div class=\"wp-block-buttons is-layout-flex wp-block-buttons-is-layout-flex\">\n<div class=\"wp-block-button simple-button\"><a class=\"wp-block-button__link wp-element-button\" href=\"https:\/\/eticalgarve.kobudev.com\/en\/advantages\/support-for-the-trainee\/estagios-jump-en\/\">learn more \u2192<\/a><\/div>\n<\/div>\n<\/div>\n<\/div><\/div><div class=\"media-col\"><figure><img loading=\"lazy\" decoding=\"async\" width=\"670\" height=\"461\" class=\"wp-image-1244\" src=\"https:\/\/eticalgarve.kobudev.com\/files\/uploads\/2025\/08\/apoio-ao-formando-4.webp\" alt=\"\" title=\"apoio-ao-formando-4\" sizes=\"auto, (min-width: 1201px) 35vw, (min-width: 601px) 50vw, 100vw\" srcset=\"https:\/\/eticalgarve.kobudev.com\/files\/uploads\/2025\/08\/apoio-ao-formando-4.webp 670w, https:\/\/eticalgarve.kobudev.com\/files\/uploads\/2025\/08\/apoio-ao-formando-4-300x206.webp 300w\" \/><\/figure><\/div><\/div>\n<\/div>\n\n<div class=\"wp-block-kobu-custom-blocks-responsive-spacer responsive-spacer size-large\"><\/div>\n\n<h2 class=\"wp-block-heading alignwide has-huge-font-size\">Progress\u00e3o de Estudos<\/h2>\n\n<div class=\"wp-block-kobu-custom-blocks-inner-content-img alignwide media-content-group child-item align-left valign-start img-last\"><div class=\"content-col\"><div class=\"content-col-wrapper\">\n<p class=\"has-small-font-size\">Lorem ipsum dolor sit amet, consectetur adipiscing elit. Nunc tincidunt magna lorem, sit amet maximus odio suscipit nec. Vestibulum pretium pulvinar nibh, convallis facilisis purus scelerisque quis. Praesent suscipit in lorem et congue. Maecenas a arcu non urna aliquet imperdiet.<\/p>\n\n\n\n<div class=\"wp-block-buttons is-layout-flex wp-block-buttons-is-layout-flex\">\n<div class=\"wp-block-button\"><a class=\"wp-block-button__link wp-element-button\">EN call to action<\/a><\/div>\n<\/div>\n<\/div><\/div><div class=\"media-col\"><figure><img loading=\"lazy\" decoding=\"async\" width=\"1054\" height=\"736\" class=\"wp-image-1246\" src=\"https:\/\/eticalgarve.kobudev.com\/files\/uploads\/2025\/08\/vantagens-1.webp\" alt=\"\" title=\"vantagens-1\" sizes=\"auto, (min-width: 1201px) 35vw, (min-width: 601px) 50vw, 100vw\" srcset=\"https:\/\/eticalgarve.kobudev.com\/files\/uploads\/2025\/08\/vantagens-1.webp 1054w, https:\/\/eticalgarve.kobudev.com\/files\/uploads\/2025\/08\/vantagens-1-300x209.webp 300w, https:\/\/eticalgarve.kobudev.com\/files\/uploads\/2025\/08\/vantagens-1-1024x715.webp 1024w, https:\/\/eticalgarve.kobudev.com\/files\/uploads\/2025\/08\/vantagens-1-768x536.webp 768w\" \/><\/figure><\/div><\/div>\n\n<div class=\"wp-block-kobu-custom-blocks-responsive-spacer responsive-spacer size-large\"><\/div>\n\n<h2 class=\"wp-block-heading alignwide has-huge-font-size\"><a href=\"https:\/\/eticalgarve.kobudev.com\/app\/wp-adminForma%C3%A7%C3%A3o%20%C3%A0%20Medida\/post.php?post=17&amp;action=edit&amp;lang=pt-pt\">Forma\u00e7\u00e3o \u00e0 Medida<\/a><\/h2>\n\n<div class=\"wp-block-kobu-custom-blocks-inner-content-img alignwide media-content-group child-item align-right valign-start img-last\"><div class=\"content-col\"><div class=\"content-col-wrapper\">\n<p class=\"has-small-font-size\">Lorem ipsum dolor sit amet, consectetur adipiscing elit. Nunc tincidunt magna lorem, sit amet maximus odio suscipit nec. Vestibulum pretium pulvinar nibh, convallis facilisis purus scelerisque quis. Praesent suscipit in lorem et congue. Maecenas a arcu non urna aliquet imperdiet.<\/p>\n\n\n\n<div class=\"wp-block-buttons is-layout-flex wp-block-buttons-is-layout-flex\">\n<div class=\"wp-block-button\"><a class=\"wp-block-button__link wp-element-button\">EN call to action<\/a><\/div>\n<\/div>\n<\/div><\/div><div class=\"media-col\"><figure><img loading=\"lazy\" decoding=\"async\" width=\"1052\" height=\"734\" class=\"wp-image-1248\" src=\"https:\/\/eticalgarve.kobudev.com\/files\/uploads\/2025\/08\/vantagens-2.webp\" alt=\"\" title=\"vantagens-2\" sizes=\"auto, (min-width: 1201px) 35vw, (min-width: 601px) 50vw, 100vw\" srcset=\"https:\/\/eticalgarve.kobudev.com\/files\/uploads\/2025\/08\/vantagens-2.webp 1052w, https:\/\/eticalgarve.kobudev.com\/files\/uploads\/2025\/08\/vantagens-2-300x209.webp 300w, https:\/\/eticalgarve.kobudev.com\/files\/uploads\/2025\/08\/vantagens-2-1024x714.webp 1024w, https:\/\/eticalgarve.kobudev.com\/files\/uploads\/2025\/08\/vantagens-2-768x536.webp 768w\" \/><\/figure><\/div><\/div>\n\n<div class=\"wp-block-kobu-custom-blocks-responsive-spacer responsive-spacer size-large\"><\/div>\n\n<h2 class=\"wp-block-heading alignwide has-huge-font-size\">Erasmus<\/h2>\n\n<div class=\"wp-block-kobu-custom-blocks-inner-content-img alignwide media-content-group child-item align-left valign-start img-last\"><div class=\"content-col\"><div class=\"content-col-wrapper\">\n<p class=\"has-small-font-size\">Lorem ipsum dolor sit amet, consectetur adipiscing elit. Nunc tincidunt magna lorem, sit amet maximus odio suscipit nec. Vestibulum pretium pulvinar nibh, convallis facilisis purus scelerisque quis. Praesent suscipit in lorem et congue. Maecenas a arcu non urna aliquet imperdiet.<\/p>\n\n\n\n<div class=\"wp-block-buttons is-layout-flex wp-block-buttons-is-layout-flex\">\n<div class=\"wp-block-button\"><a class=\"wp-block-button__link wp-element-button\">EN call to action<\/a><\/div>\n<\/div>\n<\/div><\/div><div class=\"media-col\"><figure><img loading=\"lazy\" decoding=\"async\" width=\"1052\" height=\"736\" class=\"wp-image-1250\" src=\"https:\/\/eticalgarve.kobudev.com\/files\/uploads\/2025\/08\/vantagens-3.webp\" alt=\"\" title=\"vantagens-3\" sizes=\"auto, (min-width: 1201px) 35vw, (min-width: 601px) 50vw, 100vw\" srcset=\"https:\/\/eticalgarve.kobudev.com\/files\/uploads\/2025\/08\/vantagens-3.webp 1052w, https:\/\/eticalgarve.kobudev.com\/files\/uploads\/2025\/08\/vantagens-3-300x210.webp 300w, https:\/\/eticalgarve.kobudev.com\/files\/uploads\/2025\/08\/vantagens-3-1024x716.webp 1024w, https:\/\/eticalgarve.kobudev.com\/files\/uploads\/2025\/08\/vantagens-3-768x537.webp 768w\" \/><\/figure><\/div><\/div>\n","protected":false},"excerpt":{"rendered":"<p>Lorem ipsum dolor sit amet, consectetur adipiscing elit. Nunc tincidunt magna lorem, sit amet maximus odio suscipit nec. Vestibulum pretium pulvinar nibh, convallis facilisis purus scelerisque quis.<\/p>\n","protected":false},"author":2,"featured_media":0,"parent":0,"menu_order":0,"comment_status":"closed","ping_status":"closed","template":"","meta":{"_acf_changed":false,"inline_featured_image":false,"footnotes":""},"class_list":["post-1955","page","type-page","status-publish","hentry"],"acf":[],"_links":{"self":[{"href":"https:\/\/eticalgarve.kobudev.com\/en\/wp-json\/wp\/v2\/pages\/1955","targetHints":{"allow":["GET"]}}],"collection":[{"href":"https:\/\/eticalgarve.kobudev.com\/en\/wp-json\/wp\/v2\/pages"}],"about":[{"href":"https:\/\/eticalgarve.kobudev.com\/en\/wp-json\/wp\/v2\/types\/page"}],"author":[{"embeddable":true,"href":"https:\/\/eticalgarve.kobudev.com\/en\/wp-json\/wp\/v2\/users\/2"}],"replies":[{"embeddable":true,"href":"https:\/\/eticalgarve.kobudev.com\/en\/wp-json\/wp\/v2\/comments?post=1955"}],"version-history":[{"count":0,"href":"https:\/\/eticalgarve.kobudev.com\/en\/wp-json\/wp\/v2\/pages\/1955\/revisions"}],"wp:attachment":[{"href":"https:\/\/eticalgarve.kobudev.com\/en\/wp-json\/wp\/v2\/media?parent=1955"}],"curies":[{"name":"wp","href":"https:\/\/api.w.org\/{rel}","templated":true}]}}