{"id":1949,"date":"2025-07-17T14:46:24","date_gmt":"2025-07-17T14:46:24","guid":{"rendered":"https:\/\/eticalgarve.kobudev.com\/etic_algarve\/equipment\/"},"modified":"2025-08-29T20:54:45","modified_gmt":"2025-08-29T20:54:45","slug":"equipment","status":"publish","type":"page","link":"https:\/\/eticalgarve.kobudev.com\/en\/etic_algarve\/equipment\/","title":{"rendered":"Equipment"},"content":{"rendered":"\n<h2 class=\"wp-block-heading alignwide has-huge-font-size\">Video<\/h2>\n\n<div class=\"wp-block-group alignwide is-layout-grid wp-container-core-group-is-layout-6be84c55 wp-block-group-is-layout-grid\">\n<ul class=\"wp-block-list has-small-font-size\">\n<li>Est\u00fadio e R\u00e9gie de V\u00eddeo<\/li>\n\n\n\n<li>C\u00e2mara V\u00eddeo Blackmagic Design URSA Mini Pro 4.6K G2<\/li>\n\n\n\n<li>Kit Lentes Cinema SamYang Cine: 14mm, 24mm, 50mm, 85mm, 135mm<\/li>\n\n\n\n<li>C\u00e2maras V\u00eddeo Panasonic DVX200 4K<\/li>\n\n\n\n<li>Gravador EVF Atomos Shogun Flame<\/li>\n\n\n\n<li>Matte Box Tilta MB-703 4\u00d74<\/li>\n<\/ul>\n\n\n\n<ul class=\"wp-block-list has-small-font-size\">\n<li>Sistema Controle Lente sem Fios Tilta Nucleus-M Kit 1<\/li>\n\n\n\n<li>R\u00e9gie V\u00eddeo Port\u00e1til Datavideo HS-2200 com gravador e servidor de streaming<\/li>\n\n\n\n<li>Drone DJI Phantom 4 Pro<\/li>\n\n\n\n<li>Chroma Key<\/li>\n\n\n\n<li>Kit\u2019s Ilumina\u00e7\u00e3o SWIT 650, LUPO SuperPanel, LUPO 650, LUPO Dayled Fresnel 1000<\/li>\n<\/ul>\n\n\n\n<ul class=\"wp-block-list has-small-font-size\">\n<li>Gravadores \u00c1udio Zoom F4 e Tascam DR-40 e DR-100<\/li>\n\n\n\n<li>Equipamentos de Capta\u00e7\u00e3o e Grava\u00e7\u00e3o de \u00c1udio<\/li>\n\n\n\n<li>Shoulder Rig<\/li>\n\n\n\n<li>Colete SteadyCam<\/li>\n\n\n\n<li>Esta\u00e7\u00f5es Individuais de Trabalho Apple com softwares Adobe, DaVinci Resolve, entre outros<\/li>\n<\/ul>\n<\/div>\n\n<div class=\"wp-block-kobu-custom-blocks-responsive-spacer responsive-spacer size-small\"><\/div><br>\n\n<div class=\"wp-block-kobu-custom-blocks-slider-gallery alignfull\"><div class=\"slider-gallery gallery-container hidden with-pagination multiple\"><div class=\"gallery \" role=\"list\"><div class=\"slide\" role=\"listitem\"><div class=\"figure-wrapper\"><figure><img loading=\"lazy\" decoding=\"async\" width=\"1276\" height=\"958\" class=\"wp-image-1111\" src=\"https:\/\/eticalgarve.kobudev.com\/files\/uploads\/2025\/08\/equipamentos-1.webp\" alt=\"\" sizes=\"auto, 100vw\" srcset=\"https:\/\/eticalgarve.kobudev.com\/files\/uploads\/2025\/08\/equipamentos-1.webp 1276w, https:\/\/eticalgarve.kobudev.com\/files\/uploads\/2025\/08\/equipamentos-1-300x225.webp 300w, https:\/\/eticalgarve.kobudev.com\/files\/uploads\/2025\/08\/equipamentos-1-1024x769.webp 1024w, https:\/\/eticalgarve.kobudev.com\/files\/uploads\/2025\/08\/equipamentos-1-768x577.webp 768w\" \/><\/figure><\/div><\/div><div class=\"slide\" role=\"listitem\"><div class=\"figure-wrapper\"><figure><img loading=\"lazy\" decoding=\"async\" width=\"1276\" height=\"958\" class=\"wp-image-1113\" src=\"https:\/\/eticalgarve.kobudev.com\/files\/uploads\/2025\/08\/equipamentos-2.webp\" alt=\"\" sizes=\"auto, 100vw\" srcset=\"https:\/\/eticalgarve.kobudev.com\/files\/uploads\/2025\/08\/equipamentos-2.webp 1276w, https:\/\/eticalgarve.kobudev.com\/files\/uploads\/2025\/08\/equipamentos-2-300x225.webp 300w, https:\/\/eticalgarve.kobudev.com\/files\/uploads\/2025\/08\/equipamentos-2-1024x769.webp 1024w, https:\/\/eticalgarve.kobudev.com\/files\/uploads\/2025\/08\/equipamentos-2-768x577.webp 768w\" \/><\/figure><\/div><\/div><div class=\"slide\" role=\"listitem\"><div class=\"figure-wrapper\"><figure><img loading=\"lazy\" decoding=\"async\" width=\"1276\" height=\"958\" class=\"wp-image-1115\" src=\"https:\/\/eticalgarve.kobudev.com\/files\/uploads\/2025\/08\/equipamentos-3.webp\" alt=\"\" sizes=\"auto, 100vw\" srcset=\"https:\/\/eticalgarve.kobudev.com\/files\/uploads\/2025\/08\/equipamentos-3.webp 1276w, https:\/\/eticalgarve.kobudev.com\/files\/uploads\/2025\/08\/equipamentos-3-300x225.webp 300w, https:\/\/eticalgarve.kobudev.com\/files\/uploads\/2025\/08\/equipamentos-3-1024x769.webp 1024w, https:\/\/eticalgarve.kobudev.com\/files\/uploads\/2025\/08\/equipamentos-3-768x577.webp 768w\" \/><\/figure><\/div><\/div><\/div><\/div><\/div><br>\n\n<div class=\"wp-block-kobu-custom-blocks-responsive-spacer responsive-spacer size-large\"><\/div><br>\n\n<h2 class=\"wp-block-heading alignwide has-huge-font-size\">Photography<\/h2>\n\n<div class=\"wp-block-group alignwide is-layout-grid wp-container-core-group-is-layout-6be84c55 wp-block-group-is-layout-grid\">\n<ul class=\"wp-block-list has-small-font-size\">\n<li>Est\u00fadio de Fotografia<\/li>\n\n\n\n<li>C\u00e2maras DSLR Canon 5D e 80D com 16 objetivas<\/li>\n\n\n\n<li>C\u00e2mara Fotogr\u00e1fica M\u00e9dio formato FUJI GFX50S com 2 objetivas<\/li>\n<\/ul>\n\n\n\n<ul class=\"wp-block-list has-small-font-size\">\n<li>Kit Cabe\u00e7as Flash Profoto B1, com modeladores de luz<\/li>\n\n\n\n<li>Kit Cabe\u00e7as Flash Walimex VC-600 Exccellence com modeladores de luz<\/li>\n<\/ul>\n\n\n\n<ul class=\"wp-block-list has-small-font-size\">\n<li>Mesas Digitalizadoras Wacom Photo<\/li>\n\n\n\n<li>Esta\u00e7\u00f5es Individuais de Trabalho Apple com softwares Adobe, entre outros<\/li>\n<\/ul>\n<\/div>\n\n<div class=\"wp-block-kobu-custom-blocks-responsive-spacer responsive-spacer size-small\"><\/div><br>\n\n<div class=\"wp-block-kobu-custom-blocks-slider-gallery alignfull\"><div class=\"slider-gallery gallery-container hidden with-pagination multiple\"><div class=\"gallery \" role=\"list\"><div class=\"slide\" role=\"listitem\"><div class=\"figure-wrapper\"><figure><img loading=\"lazy\" decoding=\"async\" width=\"1276\" height=\"958\" class=\"wp-image-1117\" src=\"https:\/\/eticalgarve.kobudev.com\/files\/uploads\/2025\/08\/equipamentos-4.webp\" alt=\"\" sizes=\"auto, 100vw\" srcset=\"https:\/\/eticalgarve.kobudev.com\/files\/uploads\/2025\/08\/equipamentos-4.webp 1276w, https:\/\/eticalgarve.kobudev.com\/files\/uploads\/2025\/08\/equipamentos-4-300x225.webp 300w, https:\/\/eticalgarve.kobudev.com\/files\/uploads\/2025\/08\/equipamentos-4-1024x769.webp 1024w, https:\/\/eticalgarve.kobudev.com\/files\/uploads\/2025\/08\/equipamentos-4-768x577.webp 768w\" \/><\/figure><\/div><\/div><div class=\"slide\" role=\"listitem\"><div class=\"figure-wrapper\"><figure><img loading=\"lazy\" decoding=\"async\" width=\"1276\" height=\"958\" class=\"wp-image-1119\" src=\"https:\/\/eticalgarve.kobudev.com\/files\/uploads\/2025\/08\/equipamentos-5.webp\" alt=\"\" sizes=\"auto, 100vw\" srcset=\"https:\/\/eticalgarve.kobudev.com\/files\/uploads\/2025\/08\/equipamentos-5.webp 1276w, https:\/\/eticalgarve.kobudev.com\/files\/uploads\/2025\/08\/equipamentos-5-300x225.webp 300w, https:\/\/eticalgarve.kobudev.com\/files\/uploads\/2025\/08\/equipamentos-5-1024x769.webp 1024w, https:\/\/eticalgarve.kobudev.com\/files\/uploads\/2025\/08\/equipamentos-5-768x577.webp 768w\" \/><\/figure><\/div><\/div><div class=\"slide\" role=\"listitem\"><div class=\"figure-wrapper\"><figure><img loading=\"lazy\" decoding=\"async\" width=\"1276\" height=\"958\" class=\"wp-image-1098\" src=\"https:\/\/eticalgarve.kobudev.com\/files\/uploads\/2025\/08\/equipamentos-6.webp\" alt=\"\" sizes=\"auto, 100vw\" srcset=\"https:\/\/eticalgarve.kobudev.com\/files\/uploads\/2025\/08\/equipamentos-6.webp 1276w, https:\/\/eticalgarve.kobudev.com\/files\/uploads\/2025\/08\/equipamentos-6-300x225.webp 300w, https:\/\/eticalgarve.kobudev.com\/files\/uploads\/2025\/08\/equipamentos-6-1024x769.webp 1024w, https:\/\/eticalgarve.kobudev.com\/files\/uploads\/2025\/08\/equipamentos-6-768x577.webp 768w\" \/><\/figure><\/div><\/div><\/div><\/div><\/div><br>\n\n<div class=\"wp-block-kobu-custom-blocks-responsive-spacer responsive-spacer size-large\"><\/div><br>\n\n<h2 class=\"wp-block-heading alignwide has-huge-font-size\">Sound and Music<\/h2>\n\n<div class=\"wp-block-group alignwide is-layout-grid wp-container-core-group-is-layout-6be84c55 wp-block-group-is-layout-grid\">\n<ul class=\"wp-block-list has-small-font-size\">\n<li>Est\u00fadio de som BoxMusic<\/li>\n\n\n\n<li>Est\u00fadio multi-usos<\/li>\n\n\n\n<li>R\u00e9gie de Edi\u00e7\u00e3o e Masteriza\u00e7\u00e3o de \u00c1udio<\/li>\n\n\n\n<li>Interfaces \u00e1udio dedicados e auscultadores individuais<\/li>\n\n\n\n<li>Teclados MIDI Arturia KeyLab, MicroLab e M-Audio<\/li>\n\n\n\n<li>Controladores MIDI Ableton Push 2 e AKAI APC mini<\/li>\n\n\n\n<li>Piano El\u00e9trico Yamaha CP88<\/li>\n<\/ul>\n\n\n\n<ul class=\"wp-block-list has-small-font-size\">\n<li>Sintetizadores Arturia MiniBrute, Arturia MatrixBrute; Arturia MicroFreak; Novation Bass Station II<\/li>\n\n\n\n<li>Sintetizadores Linha Reface Yamaha \u2013 modelos CP, DX, CS e YC; Behringer Model D;<\/li>\n\n\n\n<li>Caixa de Ritmo Arturia DrumBrute<\/li>\n\n\n\n<li>Gira Discos Numark PT-01 Scratch<\/li>\n\n\n\n<li>Controlador DJ Native Instruments Traktor Kontrol<\/li>\n<\/ul>\n\n\n\n<ul class=\"wp-block-list has-small-font-size\">\n<li>Mesa de Mistura Behringer X32, com Top\u2019s e Subwoofer\u2019s JBLe Muni\u00e7\u00e3o The Box Pro, DI\u2019s<\/li>\n\n\n\n<li>Microfones para diversos formatos de capta\u00e7\u00e3o<\/li>\n\n\n\n<li>Esta\u00e7\u00f5es Individuais de Trabalho Apple com softwares Ableton Live, Analog Lab, DRC, Pro Tools, Waves Gold Bundle, Ozone.<\/li>\n<\/ul>\n<\/div>\n\n<div class=\"wp-block-kobu-custom-blocks-responsive-spacer responsive-spacer size-small\"><\/div><br>\n\n<div class=\"wp-block-kobu-custom-blocks-slider-gallery alignfull\"><div class=\"slider-gallery gallery-container hidden with-pagination multiple\"><div class=\"gallery \" role=\"list\"><div class=\"slide\" role=\"listitem\"><div class=\"figure-wrapper\"><figure><img loading=\"lazy\" decoding=\"async\" width=\"1276\" height=\"958\" class=\"wp-image-1100\" src=\"https:\/\/eticalgarve.kobudev.com\/files\/uploads\/2025\/08\/equipamentos-7.webp\" alt=\"\" sizes=\"auto, 100vw\" srcset=\"https:\/\/eticalgarve.kobudev.com\/files\/uploads\/2025\/08\/equipamentos-7.webp 1276w, https:\/\/eticalgarve.kobudev.com\/files\/uploads\/2025\/08\/equipamentos-7-300x225.webp 300w, https:\/\/eticalgarve.kobudev.com\/files\/uploads\/2025\/08\/equipamentos-7-1024x769.webp 1024w, https:\/\/eticalgarve.kobudev.com\/files\/uploads\/2025\/08\/equipamentos-7-768x577.webp 768w\" \/><\/figure><\/div><\/div><div class=\"slide\" role=\"listitem\"><div class=\"figure-wrapper\"><figure><img loading=\"lazy\" decoding=\"async\" width=\"1276\" height=\"958\" class=\"wp-image-1102\" src=\"https:\/\/eticalgarve.kobudev.com\/files\/uploads\/2025\/08\/equipamentos-8.webp\" alt=\"\" sizes=\"auto, 100vw\" srcset=\"https:\/\/eticalgarve.kobudev.com\/files\/uploads\/2025\/08\/equipamentos-8.webp 1276w, https:\/\/eticalgarve.kobudev.com\/files\/uploads\/2025\/08\/equipamentos-8-300x225.webp 300w, https:\/\/eticalgarve.kobudev.com\/files\/uploads\/2025\/08\/equipamentos-8-1024x769.webp 1024w, https:\/\/eticalgarve.kobudev.com\/files\/uploads\/2025\/08\/equipamentos-8-768x577.webp 768w\" \/><\/figure><\/div><\/div><div class=\"slide\" role=\"listitem\"><div class=\"figure-wrapper\"><figure><img loading=\"lazy\" decoding=\"async\" width=\"1276\" height=\"958\" class=\"wp-image-1104\" src=\"https:\/\/eticalgarve.kobudev.com\/files\/uploads\/2025\/08\/equipamentos-9.webp\" alt=\"\" sizes=\"auto, 100vw\" srcset=\"https:\/\/eticalgarve.kobudev.com\/files\/uploads\/2025\/08\/equipamentos-9.webp 1276w, https:\/\/eticalgarve.kobudev.com\/files\/uploads\/2025\/08\/equipamentos-9-300x225.webp 300w, https:\/\/eticalgarve.kobudev.com\/files\/uploads\/2025\/08\/equipamentos-9-1024x769.webp 1024w, https:\/\/eticalgarve.kobudev.com\/files\/uploads\/2025\/08\/equipamentos-9-768x577.webp 768w\" \/><\/figure><\/div><\/div><\/div><\/div><\/div><br>\n\n<div class=\"wp-block-kobu-custom-blocks-responsive-spacer responsive-spacer size-large\"><\/div><br>\n\n<h2 class=\"wp-block-heading alignwide has-huge-font-size\">Design<\/h2>\n\n<div class=\"wp-block-group alignwide is-layout-grid wp-container-core-group-is-layout-6be84c55 wp-block-group-is-layout-grid\">\n<ul class=\"wp-block-list has-small-font-size\">\n<li>Est\u00fadio de Fotografia e V\u00eddeo;<\/li>\n\n\n\n<li>Mesas digitalizadoras Wacom Photo e Wacom Draw<\/li>\n<\/ul>\n\n\n\n<ul class=\"wp-block-list has-small-font-size\">\n<li>Esta\u00e7\u00f5es Individuais de Trabalho Apple com softwares Adobe, Blender, Invision, Sketch, Canva Pro, Pro Tools.<\/li>\n<\/ul>\n<\/div>\n\n<div class=\"wp-block-kobu-custom-blocks-responsive-spacer responsive-spacer size-small\"><\/div><br>\n\n<div class=\"wp-block-kobu-custom-blocks-slider-gallery alignfull\"><div class=\"slider-gallery gallery-container hidden with-pagination multiple\"><div class=\"gallery \" role=\"list\"><div class=\"slide\" role=\"listitem\"><div class=\"figure-wrapper\"><figure><img loading=\"lazy\" decoding=\"async\" width=\"1276\" height=\"958\" class=\"wp-image-1107\" src=\"https:\/\/eticalgarve.kobudev.com\/files\/uploads\/2025\/08\/equipamentos-10.webp\" alt=\"\" sizes=\"auto, 100vw\" srcset=\"https:\/\/eticalgarve.kobudev.com\/files\/uploads\/2025\/08\/equipamentos-10.webp 1276w, https:\/\/eticalgarve.kobudev.com\/files\/uploads\/2025\/08\/equipamentos-10-300x225.webp 300w, https:\/\/eticalgarve.kobudev.com\/files\/uploads\/2025\/08\/equipamentos-10-1024x769.webp 1024w, https:\/\/eticalgarve.kobudev.com\/files\/uploads\/2025\/08\/equipamentos-10-768x577.webp 768w\" \/><\/figure><\/div><\/div><div class=\"slide\" role=\"listitem\"><div class=\"figure-wrapper\"><figure><img loading=\"lazy\" decoding=\"async\" width=\"1276\" height=\"958\" class=\"wp-image-1109\" src=\"https:\/\/eticalgarve.kobudev.com\/files\/uploads\/2025\/08\/equipamentos-11.webp\" alt=\"\" sizes=\"auto, 100vw\" srcset=\"https:\/\/eticalgarve.kobudev.com\/files\/uploads\/2025\/08\/equipamentos-11.webp 1276w, https:\/\/eticalgarve.kobudev.com\/files\/uploads\/2025\/08\/equipamentos-11-300x225.webp 300w, https:\/\/eticalgarve.kobudev.com\/files\/uploads\/2025\/08\/equipamentos-11-1024x769.webp 1024w, https:\/\/eticalgarve.kobudev.com\/files\/uploads\/2025\/08\/equipamentos-11-768x577.webp 768w\" \/><\/figure><\/div><\/div><div class=\"slide\" role=\"listitem\"><div class=\"figure-wrapper\"><figure><img loading=\"lazy\" decoding=\"async\" width=\"1276\" height=\"958\" class=\"wp-image-1096\" src=\"https:\/\/eticalgarve.kobudev.com\/files\/uploads\/2025\/08\/equipamentos-12.webp\" alt=\"\" sizes=\"auto, 100vw\" srcset=\"https:\/\/eticalgarve.kobudev.com\/files\/uploads\/2025\/08\/equipamentos-12.webp 1276w, https:\/\/eticalgarve.kobudev.com\/files\/uploads\/2025\/08\/equipamentos-12-300x225.webp 300w, https:\/\/eticalgarve.kobudev.com\/files\/uploads\/2025\/08\/equipamentos-12-1024x769.webp 1024w, https:\/\/eticalgarve.kobudev.com\/files\/uploads\/2025\/08\/equipamentos-12-768x577.webp 768w\" \/><\/figure><\/div><\/div><\/div><\/div><\/div><br>\n","protected":false},"excerpt":{"rendered":"<p>Boas ferramentas ajudam-nos n\u00e3o s\u00f3 a trabalhar, mas tamb\u00e9m a pensar.<br \/>\n\u00c9 por isso que todos os anos investimos no sucesso da forma\u00e7\u00e3o dos nossos alunos, garantindo o acesso a equipamento de topo, actual e diversificado.<\/p>\n","protected":false},"author":2,"featured_media":6714,"parent":1400,"menu_order":0,"comment_status":"closed","ping_status":"closed","template":"","meta":{"_acf_changed":false,"inline_featured_image":false,"footnotes":""},"class_list":["post-1949","page","type-page","status-publish","has-post-thumbnail","hentry"],"acf":[],"_links":{"self":[{"href":"https:\/\/eticalgarve.kobudev.com\/en\/wp-json\/wp\/v2\/pages\/1949","targetHints":{"allow":["GET"]}}],"collection":[{"href":"https:\/\/eticalgarve.kobudev.com\/en\/wp-json\/wp\/v2\/pages"}],"about":[{"href":"https:\/\/eticalgarve.kobudev.com\/en\/wp-json\/wp\/v2\/types\/page"}],"author":[{"embeddable":true,"href":"https:\/\/eticalgarve.kobudev.com\/en\/wp-json\/wp\/v2\/users\/2"}],"replies":[{"embeddable":true,"href":"https:\/\/eticalgarve.kobudev.com\/en\/wp-json\/wp\/v2\/comments?post=1949"}],"version-history":[{"count":0,"href":"https:\/\/eticalgarve.kobudev.com\/en\/wp-json\/wp\/v2\/pages\/1949\/revisions"}],"up":[{"embeddable":true,"href":"https:\/\/eticalgarve.kobudev.com\/en\/wp-json\/wp\/v2\/pages\/1400"}],"wp:featuredmedia":[{"embeddable":true,"href":"https:\/\/eticalgarve.kobudev.com\/en\/wp-json\/wp\/v2\/media\/6714"}],"wp:attachment":[{"href":"https:\/\/eticalgarve.kobudev.com\/en\/wp-json\/wp\/v2\/media?parent=1949"}],"curies":[{"name":"wp","href":"https:\/\/api.w.org\/{rel}","templated":true}]}}