{"id":1942,"date":"2025-07-17T15:25:27","date_gmt":"2025-07-17T15:25:27","guid":{"rendered":"https:\/\/eticalgarve.kobudev.com\/community\/live-insight\/"},"modified":"2025-09-03T00:18:40","modified_gmt":"2025-09-03T00:18:40","slug":"live-insight","status":"publish","type":"page","link":"https:\/\/eticalgarve.kobudev.com\/en\/community\/live-insight\/","title":{"rendered":"Live Insight"},"content":{"rendered":"\n<div class=\"wp-block-kobu-custom-blocks-inner-content-img alignfull media-content-group child-item align-left valign-start img-first\"><div class=\"media-col\"><figure><img loading=\"lazy\" decoding=\"async\" width=\"1050\" height=\"1034\" class=\"wp-image-816\" src=\"https:\/\/eticalgarve.kobudev.com\/files\/uploads\/2025\/08\/live-insight-1.webp\" alt=\"\" title=\"live-insight-1\" sizes=\"auto, (min-width: 601px) 50vw, 100vw\" srcset=\"https:\/\/eticalgarve.kobudev.com\/files\/uploads\/2025\/08\/live-insight-1.webp 1050w, https:\/\/eticalgarve.kobudev.com\/files\/uploads\/2025\/08\/live-insight-1-300x295.webp 300w, https:\/\/eticalgarve.kobudev.com\/files\/uploads\/2025\/08\/live-insight-1-1024x1008.webp 1024w, https:\/\/eticalgarve.kobudev.com\/files\/uploads\/2025\/08\/live-insight-1-768x756.webp 768w\" \/><\/figure><\/div><div class=\"content-col\"><div class=\"content-col-wrapper\">\n<div class=\"wp-block-group is-nowrap is-layout-flex wp-container-core-group-is-layout-64989fb1 wp-block-group-is-layout-flex\">\n<div class=\"wp-block-group is-layout-constrained wp-block-group-is-layout-constrained\">\n<h2 class=\"wp-block-heading has-medium-small-font-size\" id=\"a-entrada-e-gratuita-o-ambiente-e-descontraido-e-a-lotacao-e-limitada-1\"><em>A entrada \u00e9 gratuita, o ambiente \u00e9 descontra\u00eddo e a lota\u00e7\u00e3o \u00e9 limitada.<\/em><\/h2>\n\n\n\n<p class=\"has-small-font-size\">Nestas sess\u00f5es-concerto ao vivo, criamos momentos intimistas de m\u00fasica e storytelling para dar a conhecer ao mundo uma s\u00e9rie de artistas algarvios.<\/p>\n<\/div>\n\n\n\n<div class=\"wp-block-group is-layout-constrained wp-block-group-is-layout-constrained\">\n<p class=\"has-small-font-size\">Al\u00e9m de valorizarmos a arte e a cultura da regi\u00e3o algarvia, com este projecto oferecemos aos nossos alunos a oportunidade de praticar a organiza\u00e7\u00e3o e divulga\u00e7\u00e3o de eventos e a grava\u00e7\u00e3o de som e imagem ao vivo.<\/p>\n\n\n\n<p class=\"has-small-font-size\">As turmas de Fotografia, V\u00eddeo, M\u00fasica, Design e Comunica\u00e7\u00e3o realizam toda a organiza\u00e7\u00e3o e divulga\u00e7\u00e3o de eventos e a grava\u00e7\u00e3o de som e imagem ao vivo.<\/p>\n<\/div>\n<\/div>\n\n\n\n<div class=\"wp-block-kobu-custom-blocks-responsive-spacer responsive-spacer size-custom\" data-small=\"30\" data-medium=\"30\" data-large=\"30\" style=\"height:30px\"><\/div><br>\n\n\n<noscript class=\"loading-lazy\">\n<figure class=\"wp-block-image size-full\"><img loading=\"lazy\" decoding=\"async\" width=\"1052\" height=\"808\" src=\"https:\/\/eticalgarve.kobudev.com\/files\/uploads\/2025\/08\/live-insight-2.webp\" alt=\"\" class=\"wp-image-818\" srcset=\"https:\/\/eticalgarve.kobudev.com\/files\/uploads\/2025\/08\/live-insight-2.webp 1052w, https:\/\/eticalgarve.kobudev.com\/files\/uploads\/2025\/08\/live-insight-2-300x230.webp 300w, https:\/\/eticalgarve.kobudev.com\/files\/uploads\/2025\/08\/live-insight-2-1024x786.webp 1024w, https:\/\/eticalgarve.kobudev.com\/files\/uploads\/2025\/08\/live-insight-2-768x590.webp 768w\" sizes=\"auto, (max-width: 1052px) 100vw, 1052px\" \/><\/figure><\/noscript><\/div><\/div><\/div>\n\n<div class=\"wp-block-kobu-custom-blocks-responsive-spacer responsive-spacer size-large\"><\/div><br>\n\n<div class=\"wp-block-kobu-custom-blocks-section-wrapper alignfull kobu-section has-background has-lightcolour-2-background-color\">\n<div class=\"wp-block-kobu-custom-blocks-responsive-spacer responsive-spacer size-large\"><\/div><br>\n\n\n\n<h2 class=\"wp-block-heading alignwide has-darkcolour-color has-text-color has-link-color has-extra-large-font-size wp-elements-6f141d336745a44f039b1331cdf27c23\">V\u00ea os Concertos<\/h2>\n\n\n\n<div class=\"wp-block-kobu-custom-blocks-text-slider alignfull text-slider\">\n<div class=\"wp-block-kobu-custom-blocks-inner-content-video-only child-item video-only\"><figure class=\"kb-video media-wrapper pageload-video\" data-settings=\"{&quot;webm&quot;:&quot;&quot;,&quot;mp4&quot;:&quot;https:\/\/eticalgarve.kobudev.com\/files\/uploads\/2025\/08\/sample-video.mp4&quot;,&quot;ogg&quot;:&quot;&quot;,&quot;track&quot;:&quot;&quot;,&quot;trackKind&quot;:&quot;subtitles&quot;,&quot;trackSrclang&quot;:&quot;en&quot;,&quot;autoplay&quot;:false,&quot;loop&quot;:false,&quot;muted&quot;:false,&quot;controls&quot;:true,&quot;preload&quot;:&quot;metadata&quot;}\"><div class=\"video-placeholder\" style=\"padding-top:56.25%\"><img loading=\"lazy\" decoding=\"async\" width=\"1944\" height=\"1066\" class=\"coverimg wp-image-755\" src=\"https:\/\/eticalgarve.kobudev.com\/files\/uploads\/2025\/08\/live-insight.webp\" alt=\"\" srcset=\"https:\/\/eticalgarve.kobudev.com\/files\/uploads\/2025\/08\/live-insight.webp 1944w, https:\/\/eticalgarve.kobudev.com\/files\/uploads\/2025\/08\/live-insight-300x165.webp 300w, https:\/\/eticalgarve.kobudev.com\/files\/uploads\/2025\/08\/live-insight-1024x562.webp 1024w, https:\/\/eticalgarve.kobudev.com\/files\/uploads\/2025\/08\/live-insight-768x421.webp 768w, https:\/\/eticalgarve.kobudev.com\/files\/uploads\/2025\/08\/live-insight-1536x842.webp 1536w\" sizes=\"auto, (max-width: 1944px) 100vw, 1944px\" \/><\/div><noscript><video controls preload=\"metadata\" poster=\"https:\/\/eticalgarve.kobudev.com\/files\/uploads\/2025\/08\/live-insight.webp\"><source src=\"https:\/\/eticalgarve.kobudev.com\/files\/uploads\/2025\/08\/sample-video.mp4\" type=\"video\/mp4\"\/><\/video><\/noscript><\/figure><\/div><br>\n\n\n\n<div class=\"wp-block-kobu-custom-blocks-inner-content-video-only child-item video-only\"><figure class=\"kb-video media-wrapper pageload-video\" data-settings=\"{&quot;webm&quot;:&quot;&quot;,&quot;mp4&quot;:&quot;https:\/\/eticalgarve.kobudev.com\/files\/uploads\/2025\/08\/sample-video.mp4&quot;,&quot;ogg&quot;:&quot;&quot;,&quot;track&quot;:&quot;&quot;,&quot;trackKind&quot;:&quot;subtitles&quot;,&quot;trackSrclang&quot;:&quot;en&quot;,&quot;autoplay&quot;:false,&quot;loop&quot;:false,&quot;muted&quot;:false,&quot;controls&quot;:true,&quot;preload&quot;:&quot;metadata&quot;}\"><div class=\"video-placeholder\" style=\"padding-top:56.25%\"><img loading=\"lazy\" decoding=\"async\" width=\"1944\" height=\"1066\" class=\"coverimg wp-image-755\" src=\"https:\/\/eticalgarve.kobudev.com\/files\/uploads\/2025\/08\/live-insight.webp\" alt=\"\" srcset=\"https:\/\/eticalgarve.kobudev.com\/files\/uploads\/2025\/08\/live-insight.webp 1944w, https:\/\/eticalgarve.kobudev.com\/files\/uploads\/2025\/08\/live-insight-300x165.webp 300w, https:\/\/eticalgarve.kobudev.com\/files\/uploads\/2025\/08\/live-insight-1024x562.webp 1024w, https:\/\/eticalgarve.kobudev.com\/files\/uploads\/2025\/08\/live-insight-768x421.webp 768w, https:\/\/eticalgarve.kobudev.com\/files\/uploads\/2025\/08\/live-insight-1536x842.webp 1536w\" sizes=\"auto, (max-width: 1944px) 100vw, 1944px\" \/><\/div><noscript><video controls preload=\"metadata\" poster=\"https:\/\/eticalgarve.kobudev.com\/files\/uploads\/2025\/08\/live-insight.webp\"><source src=\"https:\/\/eticalgarve.kobudev.com\/files\/uploads\/2025\/08\/sample-video.mp4\" type=\"video\/mp4\"\/><\/video><\/noscript><\/figure><\/div><br>\n\n\n\n<div class=\"wp-block-kobu-custom-blocks-inner-content-video-only child-item video-only\"><figure class=\"kb-video media-wrapper pageload-video\" data-settings=\"{&quot;webm&quot;:&quot;&quot;,&quot;mp4&quot;:&quot;https:\/\/eticalgarve.kobudev.com\/files\/uploads\/2025\/08\/sample-video.mp4&quot;,&quot;ogg&quot;:&quot;&quot;,&quot;track&quot;:&quot;&quot;,&quot;trackKind&quot;:&quot;subtitles&quot;,&quot;trackSrclang&quot;:&quot;en&quot;,&quot;autoplay&quot;:false,&quot;loop&quot;:false,&quot;muted&quot;:false,&quot;controls&quot;:true,&quot;preload&quot;:&quot;metadata&quot;}\"><div class=\"video-placeholder\" style=\"padding-top:56.25%\"><img loading=\"lazy\" decoding=\"async\" width=\"1944\" height=\"1066\" class=\"coverimg wp-image-755\" src=\"https:\/\/eticalgarve.kobudev.com\/files\/uploads\/2025\/08\/live-insight.webp\" alt=\"\" srcset=\"https:\/\/eticalgarve.kobudev.com\/files\/uploads\/2025\/08\/live-insight.webp 1944w, https:\/\/eticalgarve.kobudev.com\/files\/uploads\/2025\/08\/live-insight-300x165.webp 300w, https:\/\/eticalgarve.kobudev.com\/files\/uploads\/2025\/08\/live-insight-1024x562.webp 1024w, https:\/\/eticalgarve.kobudev.com\/files\/uploads\/2025\/08\/live-insight-768x421.webp 768w, https:\/\/eticalgarve.kobudev.com\/files\/uploads\/2025\/08\/live-insight-1536x842.webp 1536w\" sizes=\"auto, (max-width: 1944px) 100vw, 1944px\" \/><\/div><noscript><video controls preload=\"metadata\" poster=\"https:\/\/eticalgarve.kobudev.com\/files\/uploads\/2025\/08\/live-insight.webp\"><source src=\"https:\/\/eticalgarve.kobudev.com\/files\/uploads\/2025\/08\/sample-video.mp4\" type=\"video\/mp4\"\/><\/video><\/noscript><\/figure><\/div><br>\n\n\n\n<div class=\"wp-block-kobu-custom-blocks-inner-content-video-only child-item video-only\"><figure class=\"kb-video media-wrapper pageload-video\" data-settings=\"{&quot;webm&quot;:&quot;&quot;,&quot;mp4&quot;:&quot;https:\/\/eticalgarve.kobudev.com\/files\/uploads\/2025\/08\/sample-video.mp4&quot;,&quot;ogg&quot;:&quot;&quot;,&quot;track&quot;:&quot;&quot;,&quot;trackKind&quot;:&quot;subtitles&quot;,&quot;trackSrclang&quot;:&quot;en&quot;,&quot;autoplay&quot;:false,&quot;loop&quot;:false,&quot;muted&quot;:false,&quot;controls&quot;:true,&quot;preload&quot;:&quot;metadata&quot;}\"><div class=\"video-placeholder\" style=\"padding-top:56.25%\"><img loading=\"lazy\" decoding=\"async\" width=\"1944\" height=\"1066\" class=\"coverimg wp-image-755\" src=\"https:\/\/eticalgarve.kobudev.com\/files\/uploads\/2025\/08\/live-insight.webp\" alt=\"\" srcset=\"https:\/\/eticalgarve.kobudev.com\/files\/uploads\/2025\/08\/live-insight.webp 1944w, https:\/\/eticalgarve.kobudev.com\/files\/uploads\/2025\/08\/live-insight-300x165.webp 300w, https:\/\/eticalgarve.kobudev.com\/files\/uploads\/2025\/08\/live-insight-1024x562.webp 1024w, https:\/\/eticalgarve.kobudev.com\/files\/uploads\/2025\/08\/live-insight-768x421.webp 768w, https:\/\/eticalgarve.kobudev.com\/files\/uploads\/2025\/08\/live-insight-1536x842.webp 1536w\" sizes=\"auto, (max-width: 1944px) 100vw, 1944px\" \/><\/div><noscript><video controls preload=\"metadata\" poster=\"https:\/\/eticalgarve.kobudev.com\/files\/uploads\/2025\/08\/live-insight.webp\"><source src=\"https:\/\/eticalgarve.kobudev.com\/files\/uploads\/2025\/08\/sample-video.mp4\" type=\"video\/mp4\"\/><\/video><\/noscript><\/figure><\/div><br>\n<\/div>\n\n\n\n<div class=\"wp-block-kobu-custom-blocks-responsive-spacer responsive-spacer size-custom\" data-small=\"40\" data-medium=\"40\" data-large=\"40\" style=\"height:40px\"><\/div><br>\n\n\n\n<div class=\"wp-block-buttons alignwide is-content-justification-center is-layout-flex wp-container-core-buttons-is-layout-16018d1d wp-block-buttons-is-layout-flex\">\n<div class=\"wp-block-button is-style-fill\"><a class=\"wp-block-button__link has-lightcolour-2-color has-darkcolour-background-color has-text-color has-background has-link-color wp-element-button\">see more<\/a><\/div>\n<\/div>\n\n\n\n<div class=\"wp-block-kobu-custom-blocks-responsive-spacer responsive-spacer size-custom\" data-small=\"130\" data-medium=\"130\" data-large=\"130\" style=\"height:130px\"><\/div><br>\n<\/div>\n","protected":false},"excerpt":{"rendered":"","protected":false},"author":2,"featured_media":5596,"parent":1780,"menu_order":0,"comment_status":"closed","ping_status":"closed","template":"","meta":{"_acf_changed":false,"inline_featured_image":false,"footnotes":""},"class_list":["post-1942","page","type-page","status-publish","has-post-thumbnail","hentry"],"acf":[],"_links":{"self":[{"href":"https:\/\/eticalgarve.kobudev.com\/en\/wp-json\/wp\/v2\/pages\/1942","targetHints":{"allow":["GET"]}}],"collection":[{"href":"https:\/\/eticalgarve.kobudev.com\/en\/wp-json\/wp\/v2\/pages"}],"about":[{"href":"https:\/\/eticalgarve.kobudev.com\/en\/wp-json\/wp\/v2\/types\/page"}],"author":[{"embeddable":true,"href":"https:\/\/eticalgarve.kobudev.com\/en\/wp-json\/wp\/v2\/users\/2"}],"replies":[{"embeddable":true,"href":"https:\/\/eticalgarve.kobudev.com\/en\/wp-json\/wp\/v2\/comments?post=1942"}],"version-history":[{"count":0,"href":"https:\/\/eticalgarve.kobudev.com\/en\/wp-json\/wp\/v2\/pages\/1942\/revisions"}],"up":[{"embeddable":true,"href":"https:\/\/eticalgarve.kobudev.com\/en\/wp-json\/wp\/v2\/pages\/1780"}],"wp:featuredmedia":[{"embeddable":true,"href":"https:\/\/eticalgarve.kobudev.com\/en\/wp-json\/wp\/v2\/media\/5596"}],"wp:attachment":[{"href":"https:\/\/eticalgarve.kobudev.com\/en\/wp-json\/wp\/v2\/media?parent=1942"}],"curies":[{"name":"wp","href":"https:\/\/api.w.org\/{rel}","templated":true}]}}