{"id":1780,"date":"2025-07-17T14:37:13","date_gmt":"2025-07-17T14:37:13","guid":{"rendered":"https:\/\/eticalgarve.kobudev.com\/community\/"},"modified":"2025-08-27T16:20:55","modified_gmt":"2025-08-27T16:20:55","slug":"community","status":"publish","type":"page","link":"https:\/\/eticalgarve.kobudev.com\/en\/community\/","title":{"rendered":"Community"},"content":{"rendered":"\n<div class=\"wp-block-kobu-custom-blocks-responsive-spacer responsive-spacer size-large\"><\/div><br>\n\n<h2 class=\"wp-block-heading has-extra-large-font-size\">Lorem ipsum dolor sit amet<\/h2>\n\n<h3 class=\"wp-block-heading has-medium-small-font-size\"><em>Lorem ipsum dolor sit amet, consectetur adipiscing elit. Aliquam vitae dictum ipsum, vitae feugiat diam.<\/em><\/h3>\n\n<p>(Sec\u00e7\u00e3o introdut\u00f3ria de posiciona a ETIC Algarve como um hub de carreiras t\u00e9cnol\u00f3gicas e art\u00edsticas) Lorem ipsum dolor sit amet, consectetur adipiscing elit. Aliquam vitae dictum ipsum, vitae feugiat diam. Aliquam hendrerit sapien eget orci ultrices, in porttitor tellus aliquam. Nunc vehicula nulla sed tristique maximus. Sed luctus tincidunt tristique. Nunc at turpis dolor. Vivamus at feugiat enim, et laoreet purus. Integer lacinia, arcu a maximus pulvinar, erat lacus hendrerit mauris, ornare eleifend nibh elit vitae velit. Nunc pulvinar condimentum augue nec pellentesque. Donec in libero condimentum, varius elit quis, facilisis ante. Aenean in ullamcorper urna.<\/p>\n\n<p>Fusce sit amet ante purus. Cras tincidunt diam dui, sed consequat neque scelerisque nec. Quisque at pretium velit. Morbi mi ipsum, viverra at sem vel, scelerisque scelerisque felis. Aenean euismod velit non lobortis ullamcorper.<\/p>\n\n<div class=\"wp-block-kobu-custom-blocks-responsive-spacer responsive-spacer size-large\"><\/div><br>\n\n<h2 class=\"wp-block-heading alignwide has-huge-font-size\">Testimonials<\/h2>\n\n<div class=\"wp-block-kobu-custom-blocks-inner-content-img alignwide media-content-group child-item align-left valign-start img-last\"><div class=\"content-col\"><div class=\"content-col-wrapper\">\n<p>Lorem ipsum dolor sit amet, consectetur adipiscing elit. Nunc tincidunt magna lorem, sit amet maximus odio suscipit nec. Vestibulum pretium pulvinar nibh, convallis facilisis purus scelerisque quis. Praesent suscipit in lorem et congue. Maecenas a arcu non urna aliquet imperdiet.<\/p>\n\n\n\n<div class=\"wp-block-buttons is-layout-flex wp-block-buttons-is-layout-flex\">\n<div class=\"wp-block-button\"><a class=\"wp-block-button__link wp-element-button\">EN call to action<\/a><\/div>\n<\/div>\n<\/div><\/div><div class=\"media-col\"><figure><img loading=\"lazy\" decoding=\"async\" width=\"1054\" height=\"736\" class=\"wp-image-805\" src=\"https:\/\/eticalgarve.kobudev.com\/files\/uploads\/2025\/08\/comunidade-testemunhos.png\" alt=\"\" title=\"comunidade-testemunhos\" sizes=\"auto, (min-width: 1201px) 35vw, (min-width: 601px) 50vw, 100vw\" srcset=\"https:\/\/eticalgarve.kobudev.com\/files\/uploads\/2025\/08\/comunidade-testemunhos.png 1054w, https:\/\/eticalgarve.kobudev.com\/files\/uploads\/2025\/08\/comunidade-testemunhos-300x209.png 300w, https:\/\/eticalgarve.kobudev.com\/files\/uploads\/2025\/08\/comunidade-testemunhos-1024x715.png 1024w, https:\/\/eticalgarve.kobudev.com\/files\/uploads\/2025\/08\/comunidade-testemunhos-768x536.png 768w\" \/><\/figure><\/div><\/div>\n\n<div class=\"wp-block-kobu-custom-blocks-responsive-spacer responsive-spacer size-large\"><\/div><br>\n\n<h2 class=\"wp-block-heading alignwide has-huge-font-size\">Partners<\/h2>\n\n<div class=\"wp-block-kobu-custom-blocks-inner-content-img alignwide media-content-group child-item align-right valign-start img-last\"><div class=\"content-col\"><div class=\"content-col-wrapper\">\n<p>Lorem ipsum dolor sit amet, consectetur adipiscing elit. Nunc tincidunt magna lorem, sit amet maximus odio suscipit nec. Vestibulum pretium pulvinar nibh, convallis facilisis purus scelerisque quis. Praesent suscipit in lorem et congue. Maecenas a arcu non urna aliquet imperdiet.<\/p>\n\n\n\n<div class=\"wp-block-buttons is-layout-flex wp-block-buttons-is-layout-flex\">\n<div class=\"wp-block-button\"><a class=\"wp-block-button__link wp-element-button\">EN call to action<\/a><\/div>\n<\/div>\n<\/div><\/div><div class=\"media-col\"><figure><img loading=\"lazy\" decoding=\"async\" width=\"1052\" height=\"734\" class=\"wp-image-803\" src=\"https:\/\/eticalgarve.kobudev.com\/files\/uploads\/2025\/08\/comunidade-parceiros.png\" alt=\"\" title=\"comunidade-parceiros\" sizes=\"auto, (min-width: 1201px) 35vw, (min-width: 601px) 50vw, 100vw\" srcset=\"https:\/\/eticalgarve.kobudev.com\/files\/uploads\/2025\/08\/comunidade-parceiros.png 1052w, https:\/\/eticalgarve.kobudev.com\/files\/uploads\/2025\/08\/comunidade-parceiros-300x209.png 300w, https:\/\/eticalgarve.kobudev.com\/files\/uploads\/2025\/08\/comunidade-parceiros-1024x714.png 1024w, https:\/\/eticalgarve.kobudev.com\/files\/uploads\/2025\/08\/comunidade-parceiros-768x536.png 768w\" \/><\/figure><\/div><\/div>\n\n<div class=\"wp-block-kobu-custom-blocks-responsive-spacer responsive-spacer size-large\"><\/div><br>\n\n<h2 class=\"wp-block-heading alignwide has-huge-font-size\">L\u00e1bia<\/h2>\n\n<div class=\"wp-block-kobu-custom-blocks-inner-content-img alignwide media-content-group child-item align-left valign-start img-last\"><div class=\"content-col\"><div class=\"content-col-wrapper\">\n<h3 class=\"wp-block-heading has-medium-small-font-size\"><em>Laborat\u00f3rio de Ideias<\/em><\/h3>\n\n\n\n<p>Lorem ipsum dolor sit amet, consectetur adipiscing elit. Nunc tincidunt magna lorem, sit amet maximus odio suscipit nec. Vestibulum pretium pulvinar nibh, convallis facilisis purus scelerisque quis. Praesent suscipit in lorem et congue. Maecenas a arcu non urna aliquet imperdiet.<\/p>\n\n\n\n<div class=\"wp-block-buttons is-layout-flex wp-block-buttons-is-layout-flex\">\n<div class=\"wp-block-button\"><a class=\"wp-block-button__link wp-element-button\">EN call to action<\/a><\/div>\n<\/div>\n<\/div><\/div><div class=\"media-col\"><figure><img loading=\"lazy\" decoding=\"async\" width=\"1054\" height=\"736\" class=\"wp-image-797\" src=\"https:\/\/eticalgarve.kobudev.com\/files\/uploads\/2025\/08\/comunidade-labia.png\" alt=\"\" title=\"comunidade-labia\" sizes=\"auto, (min-width: 1201px) 35vw, (min-width: 601px) 50vw, 100vw\" srcset=\"https:\/\/eticalgarve.kobudev.com\/files\/uploads\/2025\/08\/comunidade-labia.png 1054w, https:\/\/eticalgarve.kobudev.com\/files\/uploads\/2025\/08\/comunidade-labia-300x209.png 300w, https:\/\/eticalgarve.kobudev.com\/files\/uploads\/2025\/08\/comunidade-labia-1024x715.png 1024w, https:\/\/eticalgarve.kobudev.com\/files\/uploads\/2025\/08\/comunidade-labia-768x536.png 768w\" \/><\/figure><\/div><\/div>\n\n<div class=\"wp-block-kobu-custom-blocks-responsive-spacer responsive-spacer size-large\"><\/div><br>\n\n<h2 class=\"wp-block-heading alignwide has-huge-font-size\">Live Insight<\/h2>\n\n<div class=\"wp-block-kobu-custom-blocks-inner-content-img alignwide media-content-group child-item align-right valign-start img-last\"><div class=\"content-col\"><div class=\"content-col-wrapper\">\n<p>Lorem ipsum dolor sit amet, consectetur adipiscing elit. Nunc tincidunt magna lorem, sit amet maximus odio suscipit nec. Vestibulum pretium pulvinar nibh, convallis facilisis purus scelerisque quis. Praesent suscipit in lorem et congue. Maecenas a arcu non urna aliquet imperdiet.<\/p>\n\n\n\n<div class=\"wp-block-buttons is-layout-flex wp-block-buttons-is-layout-flex\">\n<div class=\"wp-block-button\"><a class=\"wp-block-button__link wp-element-button\">EN call to action<\/a><\/div>\n<\/div>\n<\/div><\/div><div class=\"media-col\"><figure><img loading=\"lazy\" decoding=\"async\" width=\"1054\" height=\"736\" class=\"wp-image-799\" src=\"https:\/\/eticalgarve.kobudev.com\/files\/uploads\/2025\/08\/comunidade-live-insight.png\" alt=\"\" title=\"comunidade-live-insight\" sizes=\"auto, (min-width: 1201px) 35vw, (min-width: 601px) 50vw, 100vw\" srcset=\"https:\/\/eticalgarve.kobudev.com\/files\/uploads\/2025\/08\/comunidade-live-insight.png 1054w, https:\/\/eticalgarve.kobudev.com\/files\/uploads\/2025\/08\/comunidade-live-insight-300x209.png 300w, https:\/\/eticalgarve.kobudev.com\/files\/uploads\/2025\/08\/comunidade-live-insight-1024x715.png 1024w, https:\/\/eticalgarve.kobudev.com\/files\/uploads\/2025\/08\/comunidade-live-insight-768x536.png 768w\" \/><\/figure><\/div><\/div>\n\n<div class=\"wp-block-kobu-custom-blocks-responsive-spacer responsive-spacer size-large\"><\/div><br>\n\n<h2 class=\"wp-block-heading alignwide has-huge-font-size\">Job Offers<\/h2>\n\n<div class=\"wp-block-kobu-custom-blocks-inner-content-img alignwide media-content-group child-item align-left valign-start img-last\"><div class=\"content-col\"><div class=\"content-col-wrapper\">\n<p>Lorem ipsum dolor sit amet, consectetur adipiscing elit. Nunc tincidunt magna lorem, sit amet maximus odio suscipit nec. Vestibulum pretium pulvinar nibh, convallis facilisis purus scelerisque quis. Praesent suscipit in lorem et congue. Maecenas a arcu non urna aliquet imperdiet.<\/p>\n\n\n\n<div class=\"wp-block-buttons is-layout-flex wp-block-buttons-is-layout-flex\">\n<div class=\"wp-block-button\"><a class=\"wp-block-button__link wp-element-button\">EN call to action<\/a><\/div>\n<\/div>\n<\/div><\/div><div class=\"media-col\"><figure><img loading=\"lazy\" decoding=\"async\" width=\"1052\" height=\"734\" class=\"wp-image-801\" src=\"https:\/\/eticalgarve.kobudev.com\/files\/uploads\/2025\/08\/comunidade-ofertas-de-emprego.png\" alt=\"\" title=\"comunidade-ofertas-de-emprego\" sizes=\"auto, (min-width: 1201px) 35vw, (min-width: 601px) 50vw, 100vw\" srcset=\"https:\/\/eticalgarve.kobudev.com\/files\/uploads\/2025\/08\/comunidade-ofertas-de-emprego.png 1052w, https:\/\/eticalgarve.kobudev.com\/files\/uploads\/2025\/08\/comunidade-ofertas-de-emprego-300x209.png 300w, https:\/\/eticalgarve.kobudev.com\/files\/uploads\/2025\/08\/comunidade-ofertas-de-emprego-1024x714.png 1024w, https:\/\/eticalgarve.kobudev.com\/files\/uploads\/2025\/08\/comunidade-ofertas-de-emprego-768x536.png 768w\" \/><\/figure><\/div><\/div>\n","protected":false},"excerpt":{"rendered":"<p>Lorem ipsum dolor sit amet, consectetur adipiscing elit. Nunc tincidunt magna lorem, sit amet maximus odio suscipit nec. Vestibulum pretium pulvinar nibh, convallis facilisis purus scelerisque quis.<\/p>\n","protected":false},"author":2,"featured_media":796,"parent":0,"menu_order":0,"comment_status":"closed","ping_status":"closed","template":"","meta":{"_acf_changed":false,"inline_featured_image":false,"footnotes":""},"class_list":["post-1780","page","type-page","status-publish","has-post-thumbnail","hentry"],"acf":[],"_links":{"self":[{"href":"https:\/\/eticalgarve.kobudev.com\/en\/wp-json\/wp\/v2\/pages\/1780","targetHints":{"allow":["GET"]}}],"collection":[{"href":"https:\/\/eticalgarve.kobudev.com\/en\/wp-json\/wp\/v2\/pages"}],"about":[{"href":"https:\/\/eticalgarve.kobudev.com\/en\/wp-json\/wp\/v2\/types\/page"}],"author":[{"embeddable":true,"href":"https:\/\/eticalgarve.kobudev.com\/en\/wp-json\/wp\/v2\/users\/2"}],"replies":[{"embeddable":true,"href":"https:\/\/eticalgarve.kobudev.com\/en\/wp-json\/wp\/v2\/comments?post=1780"}],"version-history":[{"count":0,"href":"https:\/\/eticalgarve.kobudev.com\/en\/wp-json\/wp\/v2\/pages\/1780\/revisions"}],"wp:featuredmedia":[{"embeddable":true,"href":"https:\/\/eticalgarve.kobudev.com\/en\/wp-json\/wp\/v2\/media\/796"}],"wp:attachment":[{"href":"https:\/\/eticalgarve.kobudev.com\/en\/wp-json\/wp\/v2\/media?parent=1780"}],"curies":[{"name":"wp","href":"https:\/\/api.w.org\/{rel}","templated":true}]}}