{"id":1579,"date":"2025-07-17T15:24:39","date_gmt":"2025-07-17T15:24:39","guid":{"rendered":"https:\/\/eticalgarve.kobudev.com\/partners\/"},"modified":"2025-08-27T16:20:55","modified_gmt":"2025-08-27T16:20:55","slug":"partners","status":"publish","type":"page","link":"https:\/\/eticalgarve.kobudev.com\/en\/community\/partners\/","title":{"rendered":"Partners"},"content":{"rendered":"<p><br data-mce-bogus=\"1\"><\/p>\n","protected":false},"excerpt":{"rendered":"<p><strong>EN Juntos Vamos Mais Longe<\/strong><\/p>\n<p>Trabalhamos para enriquecer o ensino que prestamos, apoiar a integra\u00e7\u00e3o profissional dos nossos alunos e oferecer vantagens aos nossos formadores e alunos. Faz\u00eamo-lo atrav\u00e9s de parcerias e protocolos com diversas entidades.<\/p>\n","protected":false},"author":2,"featured_media":0,"parent":1780,"menu_order":0,"comment_status":"closed","ping_status":"closed","template":"templates\/partners.php","meta":{"_acf_changed":false,"inline_featured_image":false,"footnotes":""},"class_list":["post-1579","page","type-page","status-publish","hentry"],"acf":[],"_links":{"self":[{"href":"https:\/\/eticalgarve.kobudev.com\/en\/wp-json\/wp\/v2\/pages\/1579","targetHints":{"allow":["GET"]}}],"collection":[{"href":"https:\/\/eticalgarve.kobudev.com\/en\/wp-json\/wp\/v2\/pages"}],"about":[{"href":"https:\/\/eticalgarve.kobudev.com\/en\/wp-json\/wp\/v2\/types\/page"}],"author":[{"embeddable":true,"href":"https:\/\/eticalgarve.kobudev.com\/en\/wp-json\/wp\/v2\/users\/2"}],"replies":[{"embeddable":true,"href":"https:\/\/eticalgarve.kobudev.com\/en\/wp-json\/wp\/v2\/comments?post=1579"}],"version-history":[{"count":0,"href":"https:\/\/eticalgarve.kobudev.com\/en\/wp-json\/wp\/v2\/pages\/1579\/revisions"}],"up":[{"embeddable":true,"href":"https:\/\/eticalgarve.kobudev.com\/en\/wp-json\/wp\/v2\/pages\/1780"}],"wp:attachment":[{"href":"https:\/\/eticalgarve.kobudev.com\/en\/wp-json\/wp\/v2\/media?parent=1579"}],"curies":[{"name":"wp","href":"https:\/\/api.w.org\/{rel}","templated":true}]}}